{"id":828,"date":"2018-02-26T15:53:39","date_gmt":"2018-02-26T13:53:39","guid":{"rendered":"http:\/\/arsis.ee\/?page_id=828"},"modified":"2025-03-11T12:24:37","modified_gmt":"2025-03-11T10:24:37","slug":"ensembles","status":"publish","type":"page","link":"https:\/\/arsis.ee\/en\/ensembles\/","title":{"rendered":"ARSIS ENSEMBLES"},"content":{"rendered":"<div id='full_slider_1'  class='avia-fullwidth-slider main_color avia-shadow   avia-builder-el-0  el_before_av_hr  avia-builder-el-first   container_wrap fullsize'  ><div  class='avia-slideshow av-2uibpw-12b50215218cdfa122cc856179e07013 avia-slideshow-no scaling av_slideshow_full avia-fade-slider av-slideshow-ui av-control-default av-slideshow-manual av-loop-once av-loop-manual-endless av-default-height-applied   avia-slideshow-1' data-slideshow-options=\"{&quot;animation&quot;:&quot;fade&quot;,&quot;autoplay&quot;:false,&quot;loop_autoplay&quot;:&quot;once&quot;,&quot;interval&quot;:1,&quot;loop_manual&quot;:&quot;manual-endless&quot;,&quot;autoplay_stopper&quot;:false,&quot;noNavigation&quot;:false,&quot;bg_slider&quot;:false,&quot;keep_padding&quot;:false,&quot;hoverpause&quot;:false,&quot;show_slide_delay&quot;:0}\"  itemprop=\"image\" itemscope=\"itemscope\" itemtype=\"https:\/\/schema.org\/ImageObject\" ><ul class='avia-slideshow-inner ' style='padding-bottom: 14.583333333333%;'><li  class='avia-slideshow-slide av-2uibpw-12b50215218cdfa122cc856179e07013__0  av-single-slide slide-1 slide-odd'><div data-rel='slideshow-1' class='avia-slide-wrap '   ><img class=\"wp-image-2264 avia-img-lazy-loading-not-2264\"  src=\"https:\/\/arsis.ee\/wp-content\/uploads\/ARSIS-kasikellad-1.jpg\" width=\"1440\" height=\"210\" title='ARSIS-kasikellad' alt=''  itemprop=\"thumbnailUrl\"  style='min-height:65px; min-width:446px; ' srcset=\"https:\/\/arsis.ee\/wp-content\/uploads\/ARSIS-kasikellad-1.jpg 1440w, https:\/\/arsis.ee\/wp-content\/uploads\/ARSIS-kasikellad-1-800x117.jpg 800w, https:\/\/arsis.ee\/wp-content\/uploads\/ARSIS-kasikellad-1-768x112.jpg 768w, https:\/\/arsis.ee\/wp-content\/uploads\/ARSIS-kasikellad-1-1030x150.jpg 1030w, https:\/\/arsis.ee\/wp-content\/uploads\/ARSIS-kasikellad-1-705x103.jpg 705w, https:\/\/arsis.ee\/wp-content\/uploads\/ARSIS-kasikellad-1-450x66.jpg 450w\" sizes=\"(max-width: 1440px) 100vw, 1440px\" \/><\/div><\/li><\/ul><\/div><\/div><div id='after_full_slider_1'  class='main_color av_default_container_wrap container_wrap fullsize'  ><div class='container av-section-cont-open' ><div class='template-page content  av-content-full alpha units'><div class='post-entry post-entry-type-page post-entry-828'><div class='entry-content-wrapper clearfix'>\n\n<style type=\"text\/css\" data-created_by=\"avia_inline_auto\" id=\"style-css-av-2kuybg-1a0011018dea1227e5ccf1128b4def73\">\n#top .hr.hr-invisible.av-2kuybg-1a0011018dea1227e5ccf1128b4def73{\nheight:10px;\n}\n<\/style>\n<div  class='hr av-2kuybg-1a0011018dea1227e5ccf1128b4def73 hr-invisible  avia-builder-el-1  el_after_av_slideshow_full  el_before_av_one_full  avia-builder-el-first '><span class='hr-inner '><span class=\"hr-inner-style\"><\/span><\/span><\/div>\n\n<style type=\"text\/css\" data-created_by=\"avia_inline_auto\" id=\"style-css-av-2efhr8-ad634775b952181475be3d619d52d349\">\n.flex_column.av-2efhr8-ad634775b952181475be3d619d52d349{\nborder-radius:0px 0px 0px 0px;\npadding:0px 0px 0px 0px;\n}\n<\/style>\n<div  class='flex_column av-2efhr8-ad634775b952181475be3d619d52d349 av_one_full  avia-builder-el-2  el_after_av_hr  el_before_av_hr  first flex_column_div av-zero-column-padding  '     ><p>\n<style type=\"text\/css\" data-created_by=\"avia_inline_auto\" id=\"style-css-av-ls94doc5-c0e8cb992de43ff6316980f182e3501b\">\n#top .av-special-heading.av-ls94doc5-c0e8cb992de43ff6316980f182e3501b{\npadding-bottom:26px;\nfont-size:56px;\n}\nbody .av-special-heading.av-ls94doc5-c0e8cb992de43ff6316980f182e3501b .av-special-heading-tag .heading-char{\nfont-size:25px;\n}\n#top #wrap_all .av-special-heading.av-ls94doc5-c0e8cb992de43ff6316980f182e3501b .av-special-heading-tag{\nfont-size:56px;\n}\n.av-special-heading.av-ls94doc5-c0e8cb992de43ff6316980f182e3501b .av-subheading{\nfont-size:15px;\n}\n\n@media only screen and (max-width: 479px){ \n#top #wrap_all .av-special-heading.av-ls94doc5-c0e8cb992de43ff6316980f182e3501b .av-special-heading-tag{\nfont-size:40px;\n}\n}\n\n@media only screen and (min-width: 480px) and (max-width: 767px){ \n#top #wrap_all .av-special-heading.av-ls94doc5-c0e8cb992de43ff6316980f182e3501b .av-special-heading-tag{\nfont-size:0.8em;\n}\n}\n<\/style>\n<div  class='av-special-heading av-ls94doc5-c0e8cb992de43ff6316980f182e3501b av-special-heading-h1 blockquote modern-quote modern-centered  avia-builder-el-3  el_before_av_textblock  avia-builder-el-first  av-inherit-size'><h1 class='av-special-heading-tag '  itemprop=\"headline\"  >ARSIS ENSEMBLES<\/h1><div class=\"special-heading-border\"><div class=\"special-heading-inner-border\"><\/div><\/div><\/div><br \/>\n<section  class='av_textblock_section av-26egnw-cbc08b0c03e2ec692a8f55e18b812c90 '   itemscope=\"itemscope\" itemtype=\"https:\/\/schema.org\/CreativeWork\" ><div class='avia_textblock'  itemprop=\"text\" ><h4 style=\"text-align: center;\"><strong>Unique collection of instruments<\/strong><\/h4>\n<\/div><\/section><br \/>\n<section  class='av_textblock_section av-ls94dzrf-f858b7d5bdcc9ade6efce629c1cb39dd '   itemscope=\"itemscope\" itemtype=\"https:\/\/schema.org\/CreativeWork\" ><div class='avia_textblock'  itemprop=\"text\" ><p style=\"text-align: left;\">The handbell ensemble is a unique combination of instruments, and the way of playing in the ensemble is also unique \u2013 the players do not perform longer passages as is customary in orchestras, but make the bells ring in different tunings alternately. By precisely listening to each other and equally following the conductor and their pauses and notes, a unique bell performance is created.<\/p>\n<p style=\"text-align: left;\">Arsis ensembles have at their disposal one of he most world\u2019s best handbell sets, manufactured at the Malmark Bellcraftsmen factory in the United States.<\/p>\n<\/div><\/section><\/p><\/div>\n\n<style type=\"text\/css\" data-created_by=\"avia_inline_auto\" id=\"style-css-av-22wrz0-01c8ed6ba207dfe9f9fd46668eefeb91\">\n#top .hr.hr-invisible.av-22wrz0-01c8ed6ba207dfe9f9fd46668eefeb91{\nheight:20px;\n}\n<\/style>\n<div  class='hr av-22wrz0-01c8ed6ba207dfe9f9fd46668eefeb91 hr-invisible  avia-builder-el-6  el_after_av_one_full  el_before_av_one_fourth '><span class='hr-inner '><span class=\"hr-inner-style\"><\/span><\/span><\/div>\n\n<style type=\"text\/css\" data-created_by=\"avia_inline_auto\" id=\"style-css-av-1wgo9g-1a69ba77ff20f1bd5f8d52045a50b243\">\n.flex_column.av-1wgo9g-1a69ba77ff20f1bd5f8d52045a50b243{\nborder-radius:0px 0px 0px 0px;\npadding:0px 0px 0px 0px;\n}\n<\/style>\n<div  class='flex_column av-1wgo9g-1a69ba77ff20f1bd5f8d52045a50b243 av_one_fourth  avia-builder-el-7  el_after_av_hr  el_before_av_one_fourth  first flex_column_div av-zero-column-padding  '     ><\/div>\n\n<style type=\"text\/css\" data-created_by=\"avia_inline_auto\" id=\"style-css-av-1ppjy4-52cb1f4f8a5c0f25d8d00389691f8ace\">\n.flex_column.av-1ppjy4-52cb1f4f8a5c0f25d8d00389691f8ace{\nborder-radius:0px 0px 0px 0px;\npadding:0px 0px 0px 0px;\n}\n<\/style>\n<div  class='flex_column av-1ppjy4-52cb1f4f8a5c0f25d8d00389691f8ace av_one_fourth  avia-builder-el-8  el_after_av_one_fourth  el_before_av_one_fourth  flex_column_div av-zero-column-padding  '     ><div  class='avia-button-wrap av-ls94ejn2-b5c8f8badb08563f240398a668ef914f-wrap avia-button-center  avia-builder-el-9  avia-builder-el-no-sibling '><a href='https:\/\/arsis.ee\/en\/ensembles\/concert-groups\/'  class='avia-button av-ls94ejn2-b5c8f8badb08563f240398a668ef914f av-link-btn avia-icon_select-no avia-size-small avia-position-center avia-color-black'   aria-label=\"Arsis concert groups\"><span class='avia_iconbox_title' >Arsis concert groups<\/span><\/a><\/div><\/div>\n\n<style type=\"text\/css\" data-created_by=\"avia_inline_auto\" id=\"style-css-av-1kjymc-34331635b45fe89b16dc3dde4f2a08f3\">\n.flex_column.av-1kjymc-34331635b45fe89b16dc3dde4f2a08f3{\nborder-radius:0px 0px 0px 0px;\npadding:0px 0px 0px 0px;\n}\n<\/style>\n<div  class='flex_column av-1kjymc-34331635b45fe89b16dc3dde4f2a08f3 av_one_fourth  avia-builder-el-10  el_after_av_one_fourth  el_before_av_one_fourth  flex_column_div av-zero-column-padding  '     ><div  class='avia-button-wrap av-ls94f739-8e4adc8c8c8e68bf5fee5b04d8b9d9be-wrap avia-button-center  avia-builder-el-11  avia-builder-el-no-sibling '><a href='https:\/\/arsis.ee\/en\/arsise-kontaktid\/'  class='avia-button av-ls94f739-8e4adc8c8c8e68bf5fee5b04d8b9d9be av-link-btn avia-icon_select-no avia-size-small avia-position-center avia-color-black'   aria-label=\"Concert request\"><span class='avia_iconbox_title' >Concert request<\/span><\/a><\/div><\/div>\n\n<style type=\"text\/css\" data-created_by=\"avia_inline_auto\" id=\"style-css-av-1g0upg-927213b18b87ab1af3472e85c47f17c7\">\n.flex_column.av-1g0upg-927213b18b87ab1af3472e85c47f17c7{\nborder-radius:0px 0px 0px 0px;\npadding:0px 0px 0px 0px;\n}\n<\/style>\n<div  class='flex_column av-1g0upg-927213b18b87ab1af3472e85c47f17c7 av_one_fourth  avia-builder-el-12  el_after_av_one_fourth  el_before_av_hr  flex_column_div av-zero-column-padding  '     ><\/div>\n\n<style type=\"text\/css\" data-created_by=\"avia_inline_auto\" id=\"style-css-av-q6ymk-eb2e37d61196d31a95d0396875739a0f\">\n#top .hr.hr-invisible.av-q6ymk-eb2e37d61196d31a95d0396875739a0f{\nheight:10px;\n}\n<\/style>\n<div  class='hr av-q6ymk-eb2e37d61196d31a95d0396875739a0f hr-invisible  avia-builder-el-13  el_after_av_one_fourth  el_before_av_one_full '><span class='hr-inner '><span class=\"hr-inner-style\"><\/span><\/span><\/div>\n\n<style type=\"text\/css\" data-created_by=\"avia_inline_auto\" id=\"style-css-av-nbgjo-a4178e1a4d1907c4a7d7c38996afa4d7\">\n.flex_column.av-nbgjo-a4178e1a4d1907c4a7d7c38996afa4d7{\nborder-radius:0px 0px 0px 0px;\npadding:0px 0px 0px 0px;\n}\n<\/style>\n<div  class='flex_column av-nbgjo-a4178e1a4d1907c4a7d7c38996afa4d7 av_one_full  avia-builder-el-14  el_after_av_hr  el_before_av_hr  first flex_column_div av-zero-column-padding  '     ><style type=\"text\/css\" data-created_by=\"avia_inline_auto\" id=\"style-css-av-d8ki4-bcb5901a33d37e652cfb912a4ea094ed\">\n.av-horizontal-gallery.av-d8ki4-bcb5901a33d37e652cfb912a4ea094ed{\npadding:4.5% 0px;;\n}\n.av-horizontal-gallery.av-d8ki4-bcb5901a33d37e652cfb912a4ea094ed .av-horizontal-gallery-inner{\npadding-bottom:30%;\n}\n<\/style>\n<div  class='av-horizontal-gallery av-d8ki4-bcb5901a33d37e652cfb912a4ea094ed av-horizontal-gallery-1px-gap av-horizontal-gallery-enlarge-effect  avia-builder-el-15  avia-builder-el-no-sibling  av-slideshow-ui av-control-default av-slideshow-manual av-loop-once av-loop-manual-endless av-horizontal-gallery-1' data-slideshow-data=\"{&quot;enlarge&quot;:1.3,&quot;animation&quot;:&quot;slide&quot;,&quot;autoplay&quot;:false,&quot;loop_autoplay&quot;:&quot;once&quot;,&quot;interval&quot;:5,&quot;loop_manual&quot;:&quot;manual-endless&quot;,&quot;autoplay_stopper&quot;:false,&quot;noNavigation&quot;:false,&quot;bg_slider&quot;:false,&quot;keep_padding&quot;:&quot;&quot;,&quot;hoverpause&quot;:false,&quot;show_slide_delay&quot;:0}\"  itemprop=\"image\" itemscope=\"itemscope\" itemtype=\"https:\/\/schema.org\/ImageObject\" ><div class='avia-slideshow-arrows avia-slideshow-controls' ><a href='#prev' class='prev-slide av-horizontal-gallery-prev avia-svg-icon avia-font-svg_entypo-fontello' data-av_svg_icon='left-open-big' data-av_iconset='svg_entypo-fontello' tabindex='-1' title=\"Previous\"><svg version=\"1.1\" xmlns=\"http:\/\/www.w3.org\/2000\/svg\" width=\"15\" height=\"32\" viewBox=\"0 0 15 32\" preserveAspectRatio=\"xMidYMid meet\" aria-labelledby='av-svg-title-1' aria-describedby='av-svg-desc-1' role=\"graphics-symbol\" aria-hidden=\"true\">\n<title id='av-svg-title-1'>Previous<\/title>\n<desc id='av-svg-desc-1'>Previous<\/desc>\n<path d=\"M14.464 27.84q0.832 0.832 0 1.536-0.832 0.832-1.536 0l-12.544-12.608q-0.768-0.768 0-1.6l12.544-12.608q0.704-0.832 1.536 0 0.832 0.704 0 1.536l-11.456 11.904z\"><\/path>\n<\/svg><span class='avia_hidden_link_text'>Previous<\/span><\/a><a href='#next' class='next-slide av-horizontal-gallery-next avia-svg-icon avia-font-svg_entypo-fontello' data-av_svg_icon='right-open-big' data-av_iconset='svg_entypo-fontello' tabindex='-1' title=\"Next\"><svg version=\"1.1\" xmlns=\"http:\/\/www.w3.org\/2000\/svg\" width=\"15\" height=\"32\" viewBox=\"0 0 15 32\" preserveAspectRatio=\"xMidYMid meet\" aria-labelledby='av-svg-title-2' aria-describedby='av-svg-desc-2' role=\"graphics-symbol\" aria-hidden=\"true\">\n<title id='av-svg-title-2'>Next<\/title>\n<desc id='av-svg-desc-2'>Next<\/desc>\n<path d=\"M0.416 27.84l11.456-11.84-11.456-11.904q-0.832-0.832 0-1.536 0.832-0.832 1.536 0l12.544 12.608q0.768 0.832 0 1.6l-12.544 12.608q-0.704 0.832-1.536 0-0.832-0.704 0-1.536z\"><\/path>\n<\/svg><span class='avia_hidden_link_text'>Next<\/span><\/a><\/div><div class='avia-slideshow-dots avia-slideshow-controls av-horizontal-gallery-dots fade-in'><a href='#1' class='goto-slide active' >1<\/a><a href='#2' class='goto-slide ' >2<\/a><a href='#3' class='goto-slide ' >3<\/a><\/div><div class='av-horizontal-gallery-inner' data-av-height='30'><div class=\"av-horizontal-gallery-slider\"><div class=\"av-horizontal-gallery-wrap noHover\"><img class='wp-image-3850 avia-img-lazy-loading-not-3850 av-horizontal-gallery-img' width=\"1030\" height=\"773\" src=\"https:\/\/arsis.ee\/wp-content\/uploads\/IMG_8598_1920x1440-1030x773.jpg\" title='IMG_8598_1920x1440' alt='Arsise k\u00e4sikellad' srcset=\"https:\/\/arsis.ee\/wp-content\/uploads\/IMG_8598_1920x1440-1030x773.jpg 1030w, https:\/\/arsis.ee\/wp-content\/uploads\/IMG_8598_1920x1440-800x600.jpg 800w, https:\/\/arsis.ee\/wp-content\/uploads\/IMG_8598_1920x1440-768x576.jpg 768w, https:\/\/arsis.ee\/wp-content\/uploads\/IMG_8598_1920x1440-1536x1152.jpg 1536w, https:\/\/arsis.ee\/wp-content\/uploads\/IMG_8598_1920x1440-1500x1125.jpg 1500w, https:\/\/arsis.ee\/wp-content\/uploads\/IMG_8598_1920x1440-705x529.jpg 705w, https:\/\/arsis.ee\/wp-content\/uploads\/IMG_8598_1920x1440.jpg 1920w\" sizes=\"(max-width: 1030px) 100vw, 1030px\" \/><a href=\"https:\/\/arsis.ee\/wp-content\/uploads\/IMG_8598_1920x1440-1030x773.jpg\" data-srcset=\"https:\/\/arsis.ee\/wp-content\/uploads\/IMG_8598_1920x1440-1030x773.jpg 1030w, https:\/\/arsis.ee\/wp-content\/uploads\/IMG_8598_1920x1440-800x600.jpg 800w, https:\/\/arsis.ee\/wp-content\/uploads\/IMG_8598_1920x1440-768x576.jpg 768w, https:\/\/arsis.ee\/wp-content\/uploads\/IMG_8598_1920x1440-1536x1152.jpg 1536w, https:\/\/arsis.ee\/wp-content\/uploads\/IMG_8598_1920x1440-1500x1125.jpg 1500w, https:\/\/arsis.ee\/wp-content\/uploads\/IMG_8598_1920x1440-705x529.jpg 705w, https:\/\/arsis.ee\/wp-content\/uploads\/IMG_8598_1920x1440.jpg 1920w\" data-sizes=\"(max-width: 1030px) 100vw, 1030px\" class='av-horizontal-gallery-link avia-svg-icon avia-font-svg_entypo-fontello' data-av_svg_icon='resize-full' data-av_iconset='svg_entypo-fontello' title='ARSIS handbells' alt='Arsise k\u00e4sikellad' aria-label='Open image in lightbox: IMG_8598_1920x1440'><svg version=\"1.1\" xmlns=\"http:\/\/www.w3.org\/2000\/svg\" width=\"25\" height=\"32\" viewBox=\"0 0 25 32\" preserveAspectRatio=\"xMidYMid meet\" aria-labelledby='av-svg-title-3' aria-describedby='av-svg-desc-3' role=\"graphics-symbol\" aria-hidden=\"true\">\n<title id='av-svg-title-3'>Open image in lightbox: IMG_8598_1920x1440<\/title>\n<desc id='av-svg-desc-3'>Open image in lightbox: IMG_8598_1920x1440<\/desc>\n<path d=\"M15.232 3.328h10.112v10.112l-3.2-3.968-4.672 4.864-3.2-3.2 4.864-4.672zM7.872 17.536l3.2 3.2-4.864 4.672 3.904 3.2h-10.112v-10.112l3.2 3.904z\"><\/path>\n<\/svg><\/a><\/div><div class=\"av-horizontal-gallery-wrap noHover\"><img class='wp-image-3852 avia-img-lazy-loading-not-3852 av-horizontal-gallery-img' width=\"773\" height=\"1030\" src=\"https:\/\/arsis.ee\/wp-content\/uploads\/IMG_8601_H1440-773x1030.jpg\" title='IMG_8601_H1440' alt='Arsise k\u00e4sikellad' srcset=\"https:\/\/arsis.ee\/wp-content\/uploads\/IMG_8601_H1440-773x1030.jpg 773w, https:\/\/arsis.ee\/wp-content\/uploads\/IMG_8601_H1440-450x600.jpg 450w, https:\/\/arsis.ee\/wp-content\/uploads\/IMG_8601_H1440-768x1024.jpg 768w, https:\/\/arsis.ee\/wp-content\/uploads\/IMG_8601_H1440-529x705.jpg 529w, https:\/\/arsis.ee\/wp-content\/uploads\/IMG_8601_H1440.jpg 1080w\" sizes=\"(max-width: 773px) 100vw, 773px\" \/><a href=\"https:\/\/arsis.ee\/wp-content\/uploads\/IMG_8601_H1440-773x1030.jpg\" data-srcset=\"https:\/\/arsis.ee\/wp-content\/uploads\/IMG_8601_H1440-773x1030.jpg 773w, https:\/\/arsis.ee\/wp-content\/uploads\/IMG_8601_H1440-450x600.jpg 450w, https:\/\/arsis.ee\/wp-content\/uploads\/IMG_8601_H1440-768x1024.jpg 768w, https:\/\/arsis.ee\/wp-content\/uploads\/IMG_8601_H1440-529x705.jpg 529w, https:\/\/arsis.ee\/wp-content\/uploads\/IMG_8601_H1440.jpg 1080w\" data-sizes=\"(max-width: 773px) 100vw, 773px\" class='av-horizontal-gallery-link avia-svg-icon avia-font-svg_entypo-fontello' data-av_svg_icon='resize-full' data-av_iconset='svg_entypo-fontello' title='ARSIS handbells' alt='Arsise k\u00e4sikellad' aria-label='Open image in lightbox: IMG_8601_H1440'><svg version=\"1.1\" xmlns=\"http:\/\/www.w3.org\/2000\/svg\" width=\"25\" height=\"32\" viewBox=\"0 0 25 32\" preserveAspectRatio=\"xMidYMid meet\" aria-labelledby='av-svg-title-4' aria-describedby='av-svg-desc-4' role=\"graphics-symbol\" aria-hidden=\"true\">\n<title id='av-svg-title-4'>Open image in lightbox: IMG_8601_H1440<\/title>\n<desc id='av-svg-desc-4'>Open image in lightbox: IMG_8601_H1440<\/desc>\n<path d=\"M15.232 3.328h10.112v10.112l-3.2-3.968-4.672 4.864-3.2-3.2 4.864-4.672zM7.872 17.536l3.2 3.2-4.864 4.672 3.904 3.2h-10.112v-10.112l3.2 3.904z\"><\/path>\n<\/svg><\/a><\/div><div class=\"av-horizontal-gallery-wrap noHover\"><img class='wp-image-3854 avia-img-lazy-loading-not-3854 av-horizontal-gallery-img' width=\"1030\" height=\"773\" src=\"https:\/\/arsis.ee\/wp-content\/uploads\/IMG_8588-ALst_1920x1440-1030x773.jpg\" title='IMG_8588-ALst_1920x1440' alt='Arsise k\u00e4sikellad' srcset=\"https:\/\/arsis.ee\/wp-content\/uploads\/IMG_8588-ALst_1920x1440-1030x773.jpg 1030w, https:\/\/arsis.ee\/wp-content\/uploads\/IMG_8588-ALst_1920x1440-800x600.jpg 800w, https:\/\/arsis.ee\/wp-content\/uploads\/IMG_8588-ALst_1920x1440-768x576.jpg 768w, https:\/\/arsis.ee\/wp-content\/uploads\/IMG_8588-ALst_1920x1440-1536x1152.jpg 1536w, https:\/\/arsis.ee\/wp-content\/uploads\/IMG_8588-ALst_1920x1440-1500x1125.jpg 1500w, https:\/\/arsis.ee\/wp-content\/uploads\/IMG_8588-ALst_1920x1440-705x529.jpg 705w, https:\/\/arsis.ee\/wp-content\/uploads\/IMG_8588-ALst_1920x1440.jpg 1920w\" sizes=\"(max-width: 1030px) 100vw, 1030px\" \/><a href=\"https:\/\/arsis.ee\/wp-content\/uploads\/IMG_8588-ALst_1920x1440-1030x773.jpg\" data-srcset=\"https:\/\/arsis.ee\/wp-content\/uploads\/IMG_8588-ALst_1920x1440-1030x773.jpg 1030w, https:\/\/arsis.ee\/wp-content\/uploads\/IMG_8588-ALst_1920x1440-800x600.jpg 800w, https:\/\/arsis.ee\/wp-content\/uploads\/IMG_8588-ALst_1920x1440-768x576.jpg 768w, https:\/\/arsis.ee\/wp-content\/uploads\/IMG_8588-ALst_1920x1440-1536x1152.jpg 1536w, https:\/\/arsis.ee\/wp-content\/uploads\/IMG_8588-ALst_1920x1440-1500x1125.jpg 1500w, https:\/\/arsis.ee\/wp-content\/uploads\/IMG_8588-ALst_1920x1440-705x529.jpg 705w, https:\/\/arsis.ee\/wp-content\/uploads\/IMG_8588-ALst_1920x1440.jpg 1920w\" data-sizes=\"(max-width: 1030px) 100vw, 1030px\" class='av-horizontal-gallery-link avia-svg-icon avia-font-svg_entypo-fontello' data-av_svg_icon='resize-full' data-av_iconset='svg_entypo-fontello' title='ARSIS handbells' alt='Arsise k\u00e4sikellad' aria-label='Open image in lightbox: IMG_8588-ALst_1920x1440'><svg version=\"1.1\" xmlns=\"http:\/\/www.w3.org\/2000\/svg\" width=\"25\" height=\"32\" viewBox=\"0 0 25 32\" preserveAspectRatio=\"xMidYMid meet\" aria-labelledby='av-svg-title-5' aria-describedby='av-svg-desc-5' role=\"graphics-symbol\" aria-hidden=\"true\">\n<title id='av-svg-title-5'>Open image in lightbox: IMG_8588-ALst_1920x1440<\/title>\n<desc id='av-svg-desc-5'>Open image in lightbox: IMG_8588-ALst_1920x1440<\/desc>\n<path d=\"M15.232 3.328h10.112v10.112l-3.2-3.968-4.672 4.864-3.2-3.2 4.864-4.672zM7.872 17.536l3.2 3.2-4.864 4.672 3.904 3.2h-10.112v-10.112l3.2 3.904z\"><\/path>\n<\/svg><\/a><\/div><\/div><\/div><\/div><\/div>\n<style type=\"text\/css\" data-created_by=\"avia_inline_auto\" id=\"style-css-av-90e3w-19531c0b4b998ee47f1a56ae317a97a8\">\n#top .hr.hr-invisible.av-90e3w-19531c0b4b998ee47f1a56ae317a97a8{\nheight:20px;\n}\n<\/style>\n<div  class='hr av-90e3w-19531c0b4b998ee47f1a56ae317a97a8 hr-invisible  avia-builder-el-16  el_after_av_one_full  avia-builder-el-last  av-small-hide av-mini-hide'><span class='hr-inner '><span class=\"hr-inner-style\"><\/span><\/span><\/div><\/p>\n","protected":false},"excerpt":{"rendered":"","protected":false},"author":1,"featured_media":0,"parent":0,"menu_order":0,"comment_status":"closed","ping_status":"closed","template":"","meta":[],"yoast_head":"<!-- This site is optimized with the Yoast SEO plugin v19.11 - https:\/\/yoast.com\/wordpress\/plugins\/seo\/ -->\n<title>K\u00e4sikellade ansamblid \u2013 unikaalne kooslus ja musitseerimisviis<\/title>\n<meta name=\"description\" content=\"Vaata j\u00e4rgi, milles seisneb k\u00e4sikellaansamblite ja Arsise koosseisude unikaalsus ning erilisus, kuidas s\u00fcnnib ainulaadne kellam\u00e4ng.\" \/>\n<meta name=\"robots\" content=\"index, follow, max-snippet:-1, max-image-preview:large, max-video-preview:-1\" \/>\n<link rel=\"canonical\" href=\"https:\/\/arsis.ee\/en\/ensembles\/\" \/>\n<meta property=\"og:locale\" content=\"en_US\" \/>\n<meta property=\"og:type\" content=\"article\" \/>\n<meta property=\"og:title\" content=\"K\u00e4sikellade ansamblid \u2013 unikaalne kooslus ja musitseerimisviis\" \/>\n<meta property=\"og:description\" content=\"Vaata j\u00e4rgi, milles seisneb k\u00e4sikellaansamblite ja Arsise koosseisude unikaalsus ning erilisus, kuidas s\u00fcnnib ainulaadne kellam\u00e4ng.\" \/>\n<meta property=\"og:url\" content=\"https:\/\/arsis.ee\/en\/ensembles\/\" \/>\n<meta property=\"og:site_name\" content=\"arsis\" \/>\n<meta property=\"article:modified_time\" content=\"2025-03-11T10:24:37+00:00\" \/>\n<meta name=\"twitter:card\" content=\"summary_large_image\" \/>\n<meta name=\"twitter:label1\" content=\"Est. reading time\" \/>\n\t<meta name=\"twitter:data1\" content=\"3 minutes\" \/>\n<script type=\"application\/ld+json\" class=\"yoast-schema-graph\">{\"@context\":\"https:\/\/schema.org\",\"@graph\":[{\"@type\":\"WebPage\",\"@id\":\"https:\/\/arsis.ee\/en\/ensembles\/\",\"url\":\"https:\/\/arsis.ee\/en\/ensembles\/\",\"name\":\"K\u00e4sikellade ansamblid \u2013 unikaalne kooslus ja musitseerimisviis\",\"isPartOf\":{\"@id\":\"https:\/\/arsis.ee\/#website\"},\"datePublished\":\"2018-02-26T13:53:39+00:00\",\"dateModified\":\"2025-03-11T10:24:37+00:00\",\"description\":\"Vaata j\u00e4rgi, milles seisneb k\u00e4sikellaansamblite ja Arsise koosseisude unikaalsus ning erilisus, kuidas s\u00fcnnib ainulaadne kellam\u00e4ng.\",\"breadcrumb\":{\"@id\":\"https:\/\/arsis.ee\/en\/ensembles\/#breadcrumb\"},\"inLanguage\":\"en-US\",\"potentialAction\":[{\"@type\":\"ReadAction\",\"target\":[\"https:\/\/arsis.ee\/en\/ensembles\/\"]}]},{\"@type\":\"BreadcrumbList\",\"@id\":\"https:\/\/arsis.ee\/en\/ensembles\/#breadcrumb\",\"itemListElement\":[{\"@type\":\"ListItem\",\"position\":1,\"name\":\"Home\",\"item\":\"https:\/\/arsis.ee\/en\/landing-page\/\"},{\"@type\":\"ListItem\",\"position\":2,\"name\":\"ARSIS ENSEMBLES\"}]},{\"@type\":\"WebSite\",\"@id\":\"https:\/\/arsis.ee\/#website\",\"url\":\"https:\/\/arsis.ee\/\",\"name\":\"arsis\",\"description\":\"ARSIS | Kellade ansamblid ja Kellade Kool\",\"potentialAction\":[{\"@type\":\"SearchAction\",\"target\":{\"@type\":\"EntryPoint\",\"urlTemplate\":\"https:\/\/arsis.ee\/?s={search_term_string}\"},\"query-input\":\"required name=search_term_string\"}],\"inLanguage\":\"en-US\"}]}<\/script>\n<!-- \/ Yoast SEO plugin. -->","yoast_head_json":{"title":"K\u00e4sikellade ansamblid \u2013 unikaalne kooslus ja musitseerimisviis","description":"Vaata j\u00e4rgi, milles seisneb k\u00e4sikellaansamblite ja Arsise koosseisude unikaalsus ning erilisus, kuidas s\u00fcnnib ainulaadne kellam\u00e4ng.","robots":{"index":"index","follow":"follow","max-snippet":"max-snippet:-1","max-image-preview":"max-image-preview:large","max-video-preview":"max-video-preview:-1"},"canonical":"https:\/\/arsis.ee\/en\/ensembles\/","og_locale":"en_US","og_type":"article","og_title":"K\u00e4sikellade ansamblid \u2013 unikaalne kooslus ja musitseerimisviis","og_description":"Vaata j\u00e4rgi, milles seisneb k\u00e4sikellaansamblite ja Arsise koosseisude unikaalsus ning erilisus, kuidas s\u00fcnnib ainulaadne kellam\u00e4ng.","og_url":"https:\/\/arsis.ee\/en\/ensembles\/","og_site_name":"arsis","article_modified_time":"2025-03-11T10:24:37+00:00","twitter_card":"summary_large_image","twitter_misc":{"Est. reading time":"3 minutes"},"schema":{"@context":"https:\/\/schema.org","@graph":[{"@type":"WebPage","@id":"https:\/\/arsis.ee\/en\/ensembles\/","url":"https:\/\/arsis.ee\/en\/ensembles\/","name":"K\u00e4sikellade ansamblid \u2013 unikaalne kooslus ja musitseerimisviis","isPartOf":{"@id":"https:\/\/arsis.ee\/#website"},"datePublished":"2018-02-26T13:53:39+00:00","dateModified":"2025-03-11T10:24:37+00:00","description":"Vaata j\u00e4rgi, milles seisneb k\u00e4sikellaansamblite ja Arsise koosseisude unikaalsus ning erilisus, kuidas s\u00fcnnib ainulaadne kellam\u00e4ng.","breadcrumb":{"@id":"https:\/\/arsis.ee\/en\/ensembles\/#breadcrumb"},"inLanguage":"en-US","potentialAction":[{"@type":"ReadAction","target":["https:\/\/arsis.ee\/en\/ensembles\/"]}]},{"@type":"BreadcrumbList","@id":"https:\/\/arsis.ee\/en\/ensembles\/#breadcrumb","itemListElement":[{"@type":"ListItem","position":1,"name":"Home","item":"https:\/\/arsis.ee\/en\/landing-page\/"},{"@type":"ListItem","position":2,"name":"ARSIS ENSEMBLES"}]},{"@type":"WebSite","@id":"https:\/\/arsis.ee\/#website","url":"https:\/\/arsis.ee\/","name":"arsis","description":"ARSIS | Kellade ansamblid ja Kellade Kool","potentialAction":[{"@type":"SearchAction","target":{"@type":"EntryPoint","urlTemplate":"https:\/\/arsis.ee\/?s={search_term_string}"},"query-input":"required name=search_term_string"}],"inLanguage":"en-US"}]}},"_links":{"self":[{"href":"https:\/\/arsis.ee\/en\/wp-json\/wp\/v2\/pages\/828"}],"collection":[{"href":"https:\/\/arsis.ee\/en\/wp-json\/wp\/v2\/pages"}],"about":[{"href":"https:\/\/arsis.ee\/en\/wp-json\/wp\/v2\/types\/page"}],"author":[{"embeddable":true,"href":"https:\/\/arsis.ee\/en\/wp-json\/wp\/v2\/users\/1"}],"replies":[{"embeddable":true,"href":"https:\/\/arsis.ee\/en\/wp-json\/wp\/v2\/comments?post=828"}],"version-history":[{"count":10,"href":"https:\/\/arsis.ee\/en\/wp-json\/wp\/v2\/pages\/828\/revisions"}],"predecessor-version":[{"id":3868,"href":"https:\/\/arsis.ee\/en\/wp-json\/wp\/v2\/pages\/828\/revisions\/3868"}],"wp:attachment":[{"href":"https:\/\/arsis.ee\/en\/wp-json\/wp\/v2\/media?parent=828"}],"curies":[{"name":"wp","href":"https:\/\/api.w.org\/{rel}","templated":true}]}}