{"id":836,"date":"2018-02-27T15:09:32","date_gmt":"2018-02-27T13:09:32","guid":{"rendered":"http:\/\/arsis.ee\/?page_id=836"},"modified":"2024-02-03T23:19:56","modified_gmt":"2024-02-03T21:19:56","slug":"videos","status":"publish","type":"page","link":"https:\/\/arsis.ee\/en\/ensembles\/videos\/","title":{"rendered":"VIDEOS"},"content":{"rendered":"<div id='full_slider_1'  class='avia-fullwidth-slider main_color avia-shadow   avia-builder-el-0  el_before_av_hr  avia-builder-el-first   container_wrap fullsize'  ><div  class='avia-slideshow av-av_slideshow_full-bed6fe7f492cc7da2e3d9f29b48ea313 avia-slideshow-no scaling av_slideshow_full avia-fade-slider av-slideshow-ui av-control-default av-slideshow-manual av-loop-once av-loop-manual-endless av-default-height-applied   avia-slideshow-1' data-slideshow-options=\"{&quot;animation&quot;:&quot;fade&quot;,&quot;autoplay&quot;:false,&quot;loop_autoplay&quot;:&quot;once&quot;,&quot;interval&quot;:1,&quot;loop_manual&quot;:&quot;manual-endless&quot;,&quot;autoplay_stopper&quot;:false,&quot;noNavigation&quot;:false,&quot;bg_slider&quot;:false,&quot;keep_padding&quot;:false,&quot;hoverpause&quot;:false,&quot;show_slide_delay&quot;:0}\"  itemprop=\"image\" itemscope=\"itemscope\" itemtype=\"https:\/\/schema.org\/ImageObject\" ><ul class='avia-slideshow-inner ' style='padding-bottom: 14.583333333333%;'><li  class='avia-slideshow-slide av-av_slideshow_full-bed6fe7f492cc7da2e3d9f29b48ea313__0  av-single-slide slide-1 slide-odd'><div data-rel='slideshow-1' class='avia-slide-wrap '   ><img class=\"wp-image-2360 avia-img-lazy-loading-not-2360\"  src=\"https:\/\/arsis.ee\/wp-content\/uploads\/ARSIS-videod.jpg\" width=\"1440\" height=\"210\" title='ARSIS-videod' alt=''  itemprop=\"thumbnailUrl\"  style='min-height:65px; min-width:446px; ' srcset=\"https:\/\/arsis.ee\/wp-content\/uploads\/ARSIS-videod.jpg 1440w, https:\/\/arsis.ee\/wp-content\/uploads\/ARSIS-videod-800x117.jpg 800w, https:\/\/arsis.ee\/wp-content\/uploads\/ARSIS-videod-768x112.jpg 768w, https:\/\/arsis.ee\/wp-content\/uploads\/ARSIS-videod-1030x150.jpg 1030w, https:\/\/arsis.ee\/wp-content\/uploads\/ARSIS-videod-705x103.jpg 705w, https:\/\/arsis.ee\/wp-content\/uploads\/ARSIS-videod-450x66.jpg 450w\" sizes=\"(max-width: 1440px) 100vw, 1440px\" \/><\/div><\/li><\/ul><\/div><\/div><div id='after_full_slider_1'  class='main_color av_default_container_wrap container_wrap fullsize'  ><div class='container av-section-cont-open' ><div class='template-page content  av-content-full alpha units'><div class='post-entry post-entry-type-page post-entry-836'><div class='entry-content-wrapper clearfix'>\n\n<style type=\"text\/css\" data-created_by=\"avia_inline_auto\" id=\"style-css-av-av_hr-373523e22f0366b13a549278f1ad345e\">\n#top .hr.hr-invisible.av-av_hr-373523e22f0366b13a549278f1ad345e{\nheight:10px;\n}\n<\/style>\n<div  class='hr av-av_hr-373523e22f0366b13a549278f1ad345e hr-invisible  avia-builder-el-1  el_after_av_slideshow_full  el_before_av_one_full  avia-builder-el-first '><span class='hr-inner '><span class=\"hr-inner-style\"><\/span><\/span><\/div>\n\n<style type=\"text\/css\" data-created_by=\"avia_inline_auto\" id=\"style-css-av-av_one_full-15d750bd1b332b34c6e70b077ebbccdf\">\n.flex_column.av-av_one_full-15d750bd1b332b34c6e70b077ebbccdf{\nborder-radius:0px 0px 0px 0px;\npadding:0px 0px 0px 0px;\n}\n<\/style>\n<div  class='flex_column av-av_one_full-15d750bd1b332b34c6e70b077ebbccdf av_one_full  avia-builder-el-2  el_after_av_hr  el_before_av_portfolio  avia-builder-el-last  first flex_column_div av-zero-column-padding  '     ><p>\n<style type=\"text\/css\" data-created_by=\"avia_inline_auto\" id=\"style-css-av-av_heading-80fd9249f83100177923b2a44a050cfd\">\n#top .av-special-heading.av-av_heading-80fd9249f83100177923b2a44a050cfd{\npadding-bottom:26px;\nfont-size:56px;\n}\nbody .av-special-heading.av-av_heading-80fd9249f83100177923b2a44a050cfd .av-special-heading-tag .heading-char{\nfont-size:25px;\n}\n#top #wrap_all .av-special-heading.av-av_heading-80fd9249f83100177923b2a44a050cfd .av-special-heading-tag{\nfont-size:56px;\n}\n.av-special-heading.av-av_heading-80fd9249f83100177923b2a44a050cfd .av-subheading{\nfont-size:15px;\n}\n\n@media only screen and (max-width: 479px){ \n#top #wrap_all .av-special-heading.av-av_heading-80fd9249f83100177923b2a44a050cfd .av-special-heading-tag{\nfont-size:40px;\n}\n}\n\n@media only screen and (min-width: 480px) and (max-width: 767px){ \n#top #wrap_all .av-special-heading.av-av_heading-80fd9249f83100177923b2a44a050cfd .av-special-heading-tag{\nfont-size:0.8em;\n}\n}\n<\/style>\n<div  class='av-special-heading av-av_heading-80fd9249f83100177923b2a44a050cfd av-special-heading-h1 blockquote modern-quote modern-centered  avia-builder-el-3  el_before_av_textblock  avia-builder-el-first  av-inherit-size'><h1 class='av-special-heading-tag '  itemprop=\"headline\"  >WATCH AND LISTEN<\/h1><div class=\"special-heading-border\"><div class=\"special-heading-inner-border\"><\/div><\/div><\/div><br \/>\n<section  class='av_textblock_section av-av_textblock-2de302bf1aa3cf4c9157dbe6f50ac7eb '   itemscope=\"itemscope\" itemtype=\"https:\/\/schema.org\/CreativeWork\" ><div class='avia_textblock'  itemprop=\"text\" ><h4 style=\"text-align: center;\"><strong>Arsis handbell ensemble<\/strong><\/h4>\n<\/div><\/section><br \/>\n\n<style type=\"text\/css\" data-created_by=\"avia_inline_auto\" id=\"style-css-av-av_hr-48dd840c68c34b08a701e1ed7d6a83fe\">\n#top .hr.hr-invisible.av-av_hr-48dd840c68c34b08a701e1ed7d6a83fe{\nmargin-top:-50px;\nheight:1px;\n}\n<\/style>\n<div  class='hr av-av_hr-48dd840c68c34b08a701e1ed7d6a83fe hr-invisible  avia-builder-el-5  el_after_av_textblock  avia-builder-el-last '><span class='hr-inner '><span class=\"hr-inner-style\"><\/span><\/span><\/div><\/p><\/div>\n<div  id=\"av-sc-portfolio-1\"  class=\"av-portfolio-grid-sorting-container\"><div class='sort_width_container  av-sort-yes' data-portfolio-id='1' ><div id='js_sort_items' ><div class='sort_by_cat hidden'><a href=\"#\" data-filter=\"all_sort\" class=\"all_sort_button active_sort\"><span class=\"inner_sort_button\"><span>All<\/span><small class=\"av-cat-count\"> 5 <\/small><\/span><\/a><span class=\"text-sep video-kellade-ansambel-en_sort_sep\">\/<\/span><a href=\"#\" data-filter=\"video-kellade-ansambel-en_sort\" class=\"video-kellade-ansambel-en_sort_button\" ><span class=\"inner_sort_button\"><span>VIDEO HANDBELL ENSEMBLE<\/span><small class=\"av-cat-count\"> 5 <\/small><\/span><\/a><\/div><\/div><\/div><div class='portfolio_preview_container ' data-portfolio-id='1'><div class='ajax_controlls iconfont'><a href='#prev' class='ajax_previous avia-svg-icon avia-font-svg_entypo-fontello' data-av_svg_icon='left-open-mini' data-av_iconset='svg_entypo-fontello'><svg version=\"1.1\" xmlns=\"http:\/\/www.w3.org\/2000\/svg\" width=\"8\" height=\"32\" viewBox=\"0 0 8 32\" preserveAspectRatio=\"xMidYMid meet\" role=\"graphics-symbol\" aria-hidden=\"true\">\n<path d=\"M8.064 21.44q0.832 0.832 0 1.536-0.832 0.832-1.536 0l-6.144-6.208q-0.768-0.768 0-1.6l6.144-6.208q0.704-0.832 1.536 0 0.832 0.704 0 1.536l-4.992 5.504z\"><\/path>\n<\/svg><\/a><a href='#next' class='ajax_next avia-svg-icon avia-font-svg_entypo-fontello' data-av_svg_icon='right-open-mini' data-av_iconset='svg_entypo-fontello'><svg version=\"1.1\" xmlns=\"http:\/\/www.w3.org\/2000\/svg\" width=\"8\" height=\"32\" viewBox=\"0 0 8 32\" preserveAspectRatio=\"xMidYMid meet\" role=\"graphics-symbol\" aria-hidden=\"true\">\n<path d=\"M0.416 21.44l5.056-5.44-5.056-5.504q-0.832-0.832 0-1.536 0.832-0.832 1.536 0l6.144 6.208q0.768 0.832 0 1.6l-6.144 6.208q-0.704 0.832-1.536 0-0.832-0.704 0-1.536z\"><\/path>\n<\/svg><\/a><a href='#close' class='avia_close avia-svg-icon avia-font-svg_entypo-fontello' data-av_svg_icon='cancel-circled' data-av_iconset='svg_entypo-fontello'><svg version=\"1.1\" xmlns=\"http:\/\/www.w3.org\/2000\/svg\" width=\"27\" height=\"32\" viewBox=\"0 0 27 32\" preserveAspectRatio=\"xMidYMid meet\" role=\"graphics-symbol\" aria-hidden=\"true\">\n<path d=\"M13.44 2.56q5.568 0 9.504 3.936t3.936 9.504-3.936 9.504-9.504 3.936-9.504-3.936-3.936-9.504 3.936-9.504 9.504-3.936zM16.192 16l4.928-4.928-2.752-2.752-4.928 4.864-4.864-4.864-2.816 2.752 4.928 4.928-4.928 4.864 2.816 2.752 4.864-4.864 4.928 4.864 2.752-2.752z\"><\/path>\n<\/svg><\/a><\/div><div class=\"portfolio-details-inner\"><\/div><\/div><div  class=' grid-sort-container isotope   no_margin-container with-title-container grid-total-odd grid-col-5 grid-links-ajax' data-portfolio-id='1'><div data-ajax-id='1001' class=' grid-entry flex_column isotope-item all_sort no_margin post-entry post-entry-1001 grid-entry-overview grid-loop-1 grid-parity-odd  video-kellade-ansambel-en_sort  av_one_fifth first default_av_fullwidth '><article class='main_color inner-entry'  itemscope=\"itemscope\" itemtype=\"https:\/\/schema.org\/CreativeWork\" ><a href=\"https:\/\/arsis.ee\/en\/portfolio-item\/tammeorg-winter-night-soloist-mikk-mae-estonia-concert-hall-in-2015\/\" title='Tammeorg &#8220;Winter Night&#8221;, soloist Mikk M\u00e4e (Estonia Concert Hall &#8211; in 2015)'  data-rel='grid-1' class='grid-image avia-hover-fx'> <img width=\"257\" height=\"185\" src=\"https:\/\/arsis.ee\/wp-content\/uploads\/ARSIS-Mae_Talveoo-514x370.jpg\" class=\"wp-image-761 avia-img-lazy-loading-not-761 attachment-portfolio_small size-portfolio_small wp-post-image\" alt=\"Tammeorg &quot;Talve\u00f6\u00f6&quot;, solist Mikk M\u00e4e\" \/><\/a><div class='grid-content'><div class='avia-arrow'><\/div><header class=\"entry-content-header\" aria-label=\"Portfolio: Tammeorg &#8220;Winter Night&#8221;, soloist Mikk M\u00e4e &lt;br&gt;(Estonia Concert Hall &#8211; in 2015)\"><h3 class='grid-entry-title entry-title '  itemprop=\"headline\" ><a href='https:\/\/arsis.ee\/en\/portfolio-item\/tammeorg-winter-night-soloist-mikk-mae-estonia-concert-hall-in-2015\/' title='Tammeorg &#8220;Winter Night&#8221;, soloist Mikk M\u00e4e (Estonia Concert Hall &#8211; in 2015)'>Tammeorg &#8220;Winter Night&#8221;, soloist Mikk M\u00e4e <br>(Estonia Concert Hall &#8211; in 2015)<\/a><\/h3><\/header><\/div><footer class=\"entry-footer\"><\/footer><\/article><\/div><div data-ajax-id='1006' class=' grid-entry flex_column isotope-item all_sort no_margin post-entry post-entry-1006 grid-entry-overview grid-loop-2 grid-parity-even  video-kellade-ansambel-en_sort  av_one_fifth  default_av_fullwidth '><article class='main_color inner-entry'  itemscope=\"itemscope\" itemtype=\"https:\/\/schema.org\/CreativeWork\" ><a href=\"https:\/\/arsis.ee\/en\/portfolio-item\/monti-czardas-estonia-concert-hall-in-2017\/\" title='Monti &#8220;Cz\u00e1rd\u00e1s&#8221; (Estonia Concert Hall &#8211; in 2017)'  data-rel='grid-1' class='grid-image avia-hover-fx'> <img width=\"257\" height=\"185\" src=\"https:\/\/arsis.ee\/wp-content\/uploads\/ARSIS-Monti-Czardas-514x370.jpg\" class=\"wp-image-762 avia-img-lazy-loading-not-762 attachment-portfolio_small size-portfolio_small wp-post-image\" alt=\"Monti &quot;Cz\u00e1rd\u00e1s&quot; (2017, Estonia kontserdisaal)\" \/><\/a><div class='grid-content'><div class='avia-arrow'><\/div><header class=\"entry-content-header\" aria-label=\"Portfolio: Monti &#8220;Cz\u00e1rd\u00e1s&#8221; &lt;br&gt;(Estonia Concert Hall &#8211; in 2017)\"><h3 class='grid-entry-title entry-title '  itemprop=\"headline\" ><a href='https:\/\/arsis.ee\/en\/portfolio-item\/monti-czardas-estonia-concert-hall-in-2017\/' title='Monti &#8220;Cz\u00e1rd\u00e1s&#8221; (Estonia Concert Hall &#8211; in 2017)'>Monti &#8220;Cz\u00e1rd\u00e1s&#8221; <br>(Estonia Concert Hall &#8211; in 2017)<\/a><\/h3><\/header><\/div><footer class=\"entry-footer\"><\/footer><\/article><\/div><div data-ajax-id='3283' class=' grid-entry flex_column isotope-item all_sort no_margin post-entry post-entry-3283 grid-entry-overview grid-loop-3 grid-parity-odd  video-kellade-ansambel-en_sort  av_one_fifth  default_av_fullwidth '><article class='main_color inner-entry'  itemscope=\"itemscope\" itemtype=\"https:\/\/schema.org\/CreativeWork\" ><a href=\"https:\/\/arsis.ee\/en\/portfolio-item\/ed-grieg-morning-mood\/\" title='ED. GRIEG &#8220;Morning mood&#8221;(Estonian Academy of Music and Theatre &#8211; in 2023)'  data-rel='grid-1' class='grid-image avia-hover-fx'> <img width=\"260\" height=\"185\" src=\"https:\/\/arsis.ee\/wp-content\/uploads\/ED_Grieg_hommikumeeleolu-260x185.jpg\" class=\"wp-image-3280 avia-img-lazy-loading-not-3280 attachment-portfolio_small size-portfolio_small wp-post-image\" alt=\"Ed. Grieg &quot;Hommikumeeleolu&quot;\" \/><\/a><div class='grid-content'><div class='avia-arrow'><\/div><header class=\"entry-content-header\" aria-label=\"Portfolio: ED. GRIEG &#8220;Morning mood&#8221;&lt;br&gt;(Estonian Academy of Music and Theatre &#8211; in 2023)\"><h3 class='grid-entry-title entry-title '  itemprop=\"headline\" ><a href='https:\/\/arsis.ee\/en\/portfolio-item\/ed-grieg-morning-mood\/' title='ED. GRIEG &#8220;Morning mood&#8221;(Estonian Academy of Music and Theatre &#8211; in 2023)'>ED. GRIEG &#8220;Morning mood&#8221;<br>(Estonian Academy of Music and Theatre &#8211; in 2023)<\/a><\/h3><\/header><\/div><footer class=\"entry-footer\"><\/footer><\/article><\/div><div data-ajax-id='3287' class=' grid-entry flex_column isotope-item all_sort no_margin post-entry post-entry-3287 grid-entry-overview grid-loop-4 grid-parity-even  video-kellade-ansambel-en_sort  av_one_fifth  default_av_fullwidth '><article class='main_color inner-entry'  itemscope=\"itemscope\" itemtype=\"https:\/\/schema.org\/CreativeWork\" ><a href=\"https:\/\/arsis.ee\/en\/portfolio-item\/fr-chopin-grande-valse-brillante\/\" title='FR. CHOPIN &#8220;GRANDE VALSE BRILLANTE(Estonian Academy of Music and Theatre &#8211; in 2022)'  data-rel='grid-1' class='grid-image avia-hover-fx'> <img width=\"260\" height=\"185\" src=\"https:\/\/arsis.ee\/wp-content\/uploads\/Chopin_Grande_valse_brillante-260x185.jpg\" class=\"wp-image-3288 avia-img-lazy-loading-not-3288 attachment-portfolio_small size-portfolio_small wp-post-image\" alt=\"Ed_Grieg_Hommikumeeleolu\" \/><\/a><div class='grid-content'><div class='avia-arrow'><\/div><header class=\"entry-content-header\" aria-label=\"Portfolio: FR. CHOPIN &#8220;GRANDE VALSE BRILLANTE&lt;br&gt;(Estonian Academy of Music and Theatre &#8211; in 2022)\"><h3 class='grid-entry-title entry-title '  itemprop=\"headline\" ><a href='https:\/\/arsis.ee\/en\/portfolio-item\/fr-chopin-grande-valse-brillante\/' title='FR. CHOPIN &#8220;GRANDE VALSE BRILLANTE(Estonian Academy of Music and Theatre &#8211; in 2022)'>FR. CHOPIN &#8220;GRANDE VALSE BRILLANTE<br>(Estonian Academy of Music and Theatre &#8211; in 2022)<\/a><\/h3><\/header><\/div><footer class=\"entry-footer\"><\/footer><\/article><\/div><div data-ajax-id='3268' class=' grid-entry flex_column isotope-item all_sort no_margin post-entry post-entry-3268 grid-entry-overview grid-loop-5 grid-parity-odd  post-entry-last  video-kellade-ansambel-en_sort  av_one_fifth  default_av_fullwidth '><article class='main_color inner-entry'  itemscope=\"itemscope\" itemtype=\"https:\/\/schema.org\/CreativeWork\" ><a href=\"https:\/\/arsis.ee\/en\/portfolio-item\/p-i-tchaikovsky-waltz-of-the-flowers\/\" title='P.I. TCHAIKOVSKY &#8220;WALTZ OF THE FLOWERS&#8221; (Estonian Academy of Music and Theatre &#8211; in 2022)'  data-rel='grid-1' class='grid-image avia-hover-fx'> <img width=\"260\" height=\"185\" src=\"https:\/\/arsis.ee\/wp-content\/uploads\/Waltz_of_the_flowers-260x185.jpg\" class=\"wp-image-3269 avia-img-lazy-loading-not-3269 attachment-portfolio_small size-portfolio_small wp-post-image\" alt=\"P.I. T\u0161aikovski &quot;Lillede valss&quot; 2022, EMTA Kontserdi- ja Teatrimaja\" \/><\/a><div class='grid-content'><div class='avia-arrow'><\/div><header class=\"entry-content-header\" aria-label=\"Portfolio: P.I. TCHAIKOVSKY &#8220;WALTZ OF THE FLOWERS&#8221; &lt;br&gt;(Estonian Academy of Music and Theatre &#8211; in 2022)\"><h3 class='grid-entry-title entry-title '  itemprop=\"headline\" ><a href='https:\/\/arsis.ee\/en\/portfolio-item\/p-i-tchaikovsky-waltz-of-the-flowers\/' title='P.I. TCHAIKOVSKY &#8220;WALTZ OF THE FLOWERS&#8221; (Estonian Academy of Music and Theatre &#8211; in 2022)'>P.I. TCHAIKOVSKY &#8220;WALTZ OF THE FLOWERS&#8221; <br>(Estonian Academy of Music and Theatre &#8211; in 2022)<\/a><\/h3><\/header><\/div><footer class=\"entry-footer\"><\/footer><\/article><\/div><\/div><\/div>   <!--   class=\"av-portfolio-grid-sorting-container\"  -->\n\n<style type=\"text\/css\" data-created_by=\"avia_inline_auto\" id=\"style-css-av-av_hr-373523e22f0366b13a549278f1ad345e\">\n#top .hr.hr-invisible.av-av_hr-373523e22f0366b13a549278f1ad345e{\nheight:10px;\n}\n<\/style>\n<div  class='hr av-av_hr-373523e22f0366b13a549278f1ad345e hr-invisible  avia-builder-el-7  el_after_av_portfolio  el_before_av_one_fourth  avia-builder-el-first '><span class='hr-inner '><span class=\"hr-inner-style\"><\/span><\/span><\/div>\n\n<style type=\"text\/css\" data-created_by=\"avia_inline_auto\" id=\"style-css-av-av_one_fourth-15d750bd1b332b34c6e70b077ebbccdf\">\n.flex_column.av-av_one_fourth-15d750bd1b332b34c6e70b077ebbccdf{\nborder-radius:0px 0px 0px 0px;\npadding:0px 0px 0px 0px;\n}\n<\/style>\n<div  class='flex_column av-av_one_fourth-15d750bd1b332b34c6e70b077ebbccdf av_one_fourth  avia-builder-el-8  el_after_av_hr  el_before_av_one_fourth  first flex_column_div av-zero-column-padding  '     ><\/div>\n\n<style type=\"text\/css\" data-created_by=\"avia_inline_auto\" id=\"style-css-av-av_one_fourth-c8fc129dc35fd1ae2a1e410224d39ea8\">\n.flex_column.av-av_one_fourth-c8fc129dc35fd1ae2a1e410224d39ea8{\nborder-radius:0px 0px 0px 0px;\npadding:0px 0px 0px 0px;\n}\n<\/style>\n<div  class='flex_column av-av_one_fourth-c8fc129dc35fd1ae2a1e410224d39ea8 av_one_fourth  avia-builder-el-9  el_after_av_one_fourth  el_before_av_one_fourth  flex_column_div av-zero-column-padding  '     ><div  class='avia-button-wrap av-av_button-9cf8b00f0eccc8ac0c0d294a8cc979f1-wrap avia-button-center  avia-builder-el-10  avia-builder-el-no-sibling '><a href='https:\/\/www.youtube.com\/user\/ArsisHandbells' class='avia-button av-av_button-9cf8b00f0eccc8ac0c0d294a8cc979f1 av-link-btn avia-icon_select-no avia-size-small avia-position-center avia-color-black' target=\"_blank\" rel=\"noopener noreferrer\" aria-label=\"ARSIS video channel\"><span class='avia_iconbox_title' >ARSIS video channel<\/span><\/a><\/div><\/div>\n\n<style type=\"text\/css\" data-created_by=\"avia_inline_auto\" id=\"style-css-av-av_one_fourth-c8fc129dc35fd1ae2a1e410224d39ea8\">\n.flex_column.av-av_one_fourth-c8fc129dc35fd1ae2a1e410224d39ea8{\nborder-radius:0px 0px 0px 0px;\npadding:0px 0px 0px 0px;\n}\n<\/style>\n<div  class='flex_column av-av_one_fourth-c8fc129dc35fd1ae2a1e410224d39ea8 av_one_fourth  avia-builder-el-11  el_after_av_one_fourth  el_before_av_one_fourth  flex_column_div av-zero-column-padding  '     ><div  class='avia-button-wrap av-av_button-9410b0e43f4727c126b83c9e82883242-wrap avia-button-center  avia-builder-el-12  avia-builder-el-no-sibling '><a href='https:\/\/arsis.ee\/en\/ensembles\/albums\/'  class='avia-button av-av_button-9410b0e43f4727c126b83c9e82883242 av-link-btn avia-icon_select-no avia-size-small avia-position-center avia-color-black'   aria-label=\"CD Albums\"><span class='avia_iconbox_title' >CD Albums<\/span><\/a><\/div><\/div>\n\n<style type=\"text\/css\" data-created_by=\"avia_inline_auto\" id=\"style-css-av-av_one_fourth-c8fc129dc35fd1ae2a1e410224d39ea8\">\n.flex_column.av-av_one_fourth-c8fc129dc35fd1ae2a1e410224d39ea8{\nborder-radius:0px 0px 0px 0px;\npadding:0px 0px 0px 0px;\n}\n<\/style>\n<div  class='flex_column av-av_one_fourth-c8fc129dc35fd1ae2a1e410224d39ea8 av_one_fourth  avia-builder-el-13  el_after_av_one_fourth  el_before_av_hr  flex_column_div av-zero-column-padding  '     ><\/div>\n\n<style type=\"text\/css\" data-created_by=\"avia_inline_auto\" id=\"style-css-av-av_hr-373523e22f0366b13a549278f1ad345e\">\n#top .hr.hr-invisible.av-av_hr-373523e22f0366b13a549278f1ad345e{\nheight:10px;\n}\n<\/style>\n<div  class='hr av-av_hr-373523e22f0366b13a549278f1ad345e hr-invisible  avia-builder-el-14  el_after_av_one_fourth  avia-builder-el-last '><span class='hr-inner '><span class=\"hr-inner-style\"><\/span><\/span><\/div>\n","protected":false},"excerpt":{"rendered":"","protected":false},"author":1,"featured_media":0,"parent":828,"menu_order":0,"comment_status":"closed","ping_status":"closed","template":"","meta":[],"yoast_head":"<!-- This site is optimized with the Yoast SEO plugin v19.11 - https:\/\/yoast.com\/wordpress\/plugins\/seo\/ -->\n<title>Arsise kellade ansamblite videod \u2013 kliki, vaata ja kuula!<\/title>\n<meta name=\"description\" content=\"Tule vaata Arsise kellade ansamblite live-etteasteid, saa osa k\u00e4sikellamuusika visuaalsest kaunist kunstist ja p\u00f5nevatest kooslustest tuntud solistidega!\" \/>\n<meta name=\"robots\" content=\"index, follow, max-snippet:-1, max-image-preview:large, max-video-preview:-1\" \/>\n<link rel=\"canonical\" href=\"https:\/\/arsis.ee\/en\/ensembles\/videos\/\" \/>\n<meta property=\"og:locale\" content=\"en_US\" \/>\n<meta property=\"og:type\" content=\"article\" \/>\n<meta property=\"og:title\" content=\"Arsise kellade ansamblite videod \u2013 kliki, vaata ja kuula!\" \/>\n<meta property=\"og:description\" content=\"Tule vaata Arsise kellade ansamblite live-etteasteid, saa osa k\u00e4sikellamuusika visuaalsest kaunist kunstist ja p\u00f5nevatest kooslustest tuntud solistidega!\" \/>\n<meta property=\"og:url\" content=\"https:\/\/arsis.ee\/en\/ensembles\/videos\/\" \/>\n<meta property=\"og:site_name\" content=\"arsis\" \/>\n<meta property=\"article:modified_time\" content=\"2024-02-03T21:19:56+00:00\" \/>\n<meta name=\"twitter:card\" content=\"summary_large_image\" \/>\n<meta name=\"twitter:label1\" content=\"Est. reading time\" \/>\n\t<meta name=\"twitter:data1\" content=\"2 minutes\" \/>\n<script type=\"application\/ld+json\" class=\"yoast-schema-graph\">{\"@context\":\"https:\/\/schema.org\",\"@graph\":[{\"@type\":\"WebPage\",\"@id\":\"https:\/\/arsis.ee\/en\/ensembles\/videos\/\",\"url\":\"https:\/\/arsis.ee\/en\/ensembles\/videos\/\",\"name\":\"Arsise kellade ansamblite videod \u2013 kliki, vaata ja kuula!\",\"isPartOf\":{\"@id\":\"https:\/\/arsis.ee\/#website\"},\"datePublished\":\"2018-02-27T13:09:32+00:00\",\"dateModified\":\"2024-02-03T21:19:56+00:00\",\"description\":\"Tule vaata Arsise kellade ansamblite live-etteasteid, saa osa k\u00e4sikellamuusika visuaalsest kaunist kunstist ja p\u00f5nevatest kooslustest tuntud solistidega!\",\"breadcrumb\":{\"@id\":\"https:\/\/arsis.ee\/en\/ensembles\/videos\/#breadcrumb\"},\"inLanguage\":\"en-US\",\"potentialAction\":[{\"@type\":\"ReadAction\",\"target\":[\"https:\/\/arsis.ee\/en\/ensembles\/videos\/\"]}]},{\"@type\":\"BreadcrumbList\",\"@id\":\"https:\/\/arsis.ee\/en\/ensembles\/videos\/#breadcrumb\",\"itemListElement\":[{\"@type\":\"ListItem\",\"position\":1,\"name\":\"Home\",\"item\":\"https:\/\/arsis.ee\/en\/landing-page\/\"},{\"@type\":\"ListItem\",\"position\":2,\"name\":\"ARSIS ENSEMBLES\",\"item\":\"https:\/\/arsis.ee\/en\/ensembles\/\"},{\"@type\":\"ListItem\",\"position\":3,\"name\":\"VIDEOS\"}]},{\"@type\":\"WebSite\",\"@id\":\"https:\/\/arsis.ee\/#website\",\"url\":\"https:\/\/arsis.ee\/\",\"name\":\"arsis\",\"description\":\"ARSIS | Kellade ansamblid ja Kellade Kool\",\"potentialAction\":[{\"@type\":\"SearchAction\",\"target\":{\"@type\":\"EntryPoint\",\"urlTemplate\":\"https:\/\/arsis.ee\/?s={search_term_string}\"},\"query-input\":\"required name=search_term_string\"}],\"inLanguage\":\"en-US\"}]}<\/script>\n<!-- \/ Yoast SEO plugin. -->","yoast_head_json":{"title":"Arsise kellade ansamblite videod \u2013 kliki, vaata ja kuula!","description":"Tule vaata Arsise kellade ansamblite live-etteasteid, saa osa k\u00e4sikellamuusika visuaalsest kaunist kunstist ja p\u00f5nevatest kooslustest tuntud solistidega!","robots":{"index":"index","follow":"follow","max-snippet":"max-snippet:-1","max-image-preview":"max-image-preview:large","max-video-preview":"max-video-preview:-1"},"canonical":"https:\/\/arsis.ee\/en\/ensembles\/videos\/","og_locale":"en_US","og_type":"article","og_title":"Arsise kellade ansamblite videod \u2013 kliki, vaata ja kuula!","og_description":"Tule vaata Arsise kellade ansamblite live-etteasteid, saa osa k\u00e4sikellamuusika visuaalsest kaunist kunstist ja p\u00f5nevatest kooslustest tuntud solistidega!","og_url":"https:\/\/arsis.ee\/en\/ensembles\/videos\/","og_site_name":"arsis","article_modified_time":"2024-02-03T21:19:56+00:00","twitter_card":"summary_large_image","twitter_misc":{"Est. reading time":"2 minutes"},"schema":{"@context":"https:\/\/schema.org","@graph":[{"@type":"WebPage","@id":"https:\/\/arsis.ee\/en\/ensembles\/videos\/","url":"https:\/\/arsis.ee\/en\/ensembles\/videos\/","name":"Arsise kellade ansamblite videod \u2013 kliki, vaata ja kuula!","isPartOf":{"@id":"https:\/\/arsis.ee\/#website"},"datePublished":"2018-02-27T13:09:32+00:00","dateModified":"2024-02-03T21:19:56+00:00","description":"Tule vaata Arsise kellade ansamblite live-etteasteid, saa osa k\u00e4sikellamuusika visuaalsest kaunist kunstist ja p\u00f5nevatest kooslustest tuntud solistidega!","breadcrumb":{"@id":"https:\/\/arsis.ee\/en\/ensembles\/videos\/#breadcrumb"},"inLanguage":"en-US","potentialAction":[{"@type":"ReadAction","target":["https:\/\/arsis.ee\/en\/ensembles\/videos\/"]}]},{"@type":"BreadcrumbList","@id":"https:\/\/arsis.ee\/en\/ensembles\/videos\/#breadcrumb","itemListElement":[{"@type":"ListItem","position":1,"name":"Home","item":"https:\/\/arsis.ee\/en\/landing-page\/"},{"@type":"ListItem","position":2,"name":"ARSIS ENSEMBLES","item":"https:\/\/arsis.ee\/en\/ensembles\/"},{"@type":"ListItem","position":3,"name":"VIDEOS"}]},{"@type":"WebSite","@id":"https:\/\/arsis.ee\/#website","url":"https:\/\/arsis.ee\/","name":"arsis","description":"ARSIS | Kellade ansamblid ja Kellade Kool","potentialAction":[{"@type":"SearchAction","target":{"@type":"EntryPoint","urlTemplate":"https:\/\/arsis.ee\/?s={search_term_string}"},"query-input":"required name=search_term_string"}],"inLanguage":"en-US"}]}},"_links":{"self":[{"href":"https:\/\/arsis.ee\/en\/wp-json\/wp\/v2\/pages\/836"}],"collection":[{"href":"https:\/\/arsis.ee\/en\/wp-json\/wp\/v2\/pages"}],"about":[{"href":"https:\/\/arsis.ee\/en\/wp-json\/wp\/v2\/types\/page"}],"author":[{"embeddable":true,"href":"https:\/\/arsis.ee\/en\/wp-json\/wp\/v2\/users\/1"}],"replies":[{"embeddable":true,"href":"https:\/\/arsis.ee\/en\/wp-json\/wp\/v2\/comments?post=836"}],"version-history":[{"count":9,"href":"https:\/\/arsis.ee\/en\/wp-json\/wp\/v2\/pages\/836\/revisions"}],"predecessor-version":[{"id":3401,"href":"https:\/\/arsis.ee\/en\/wp-json\/wp\/v2\/pages\/836\/revisions\/3401"}],"up":[{"embeddable":true,"href":"https:\/\/arsis.ee\/en\/wp-json\/wp\/v2\/pages\/828"}],"wp:attachment":[{"href":"https:\/\/arsis.ee\/en\/wp-json\/wp\/v2\/media?parent=836"}],"curies":[{"name":"wp","href":"https:\/\/api.w.org\/{rel}","templated":true}]}}