{"id":839,"date":"2018-02-26T15:54:40","date_gmt":"2018-02-26T13:54:40","guid":{"rendered":"http:\/\/arsis.ee\/?page_id=839"},"modified":"2024-02-05T18:30:04","modified_gmt":"2024-02-05T16:30:04","slug":"handbells-for-sale","status":"publish","type":"page","link":"https:\/\/arsis.ee\/en\/handbells-for-sale\/","title":{"rendered":"HANDBELLS FOR SALE"},"content":{"rendered":"<div id='full_slider_1'  class='avia-fullwidth-slider main_color avia-shadow   avia-builder-el-0  el_before_av_hr  avia-builder-el-first   container_wrap fullsize'  ><div  class='avia-slideshow av-av_slideshow_full-bed6fe7f492cc7da2e3d9f29b48ea313 avia-slideshow-no scaling av_slideshow_full avia-fade-slider av-slideshow-ui av-control-default av-slideshow-manual av-loop-once av-loop-manual-endless av-default-height-applied   avia-slideshow-1' data-slideshow-options=\"{&quot;animation&quot;:&quot;fade&quot;,&quot;autoplay&quot;:false,&quot;loop_autoplay&quot;:&quot;once&quot;,&quot;interval&quot;:1,&quot;loop_manual&quot;:&quot;manual-endless&quot;,&quot;autoplay_stopper&quot;:false,&quot;noNavigation&quot;:false,&quot;bg_slider&quot;:false,&quot;keep_padding&quot;:false,&quot;hoverpause&quot;:false,&quot;show_slide_delay&quot;:0}\"  itemprop=\"image\" itemscope=\"itemscope\" itemtype=\"https:\/\/schema.org\/ImageObject\" ><ul class='avia-slideshow-inner ' style='padding-bottom: 14.583333333333%;'><li  class='avia-slideshow-slide av-av_slideshow_full-bed6fe7f492cc7da2e3d9f29b48ea313__0  av-single-slide slide-1 slide-odd'><div data-rel='slideshow-1' class='avia-slide-wrap '   ><img class=\"wp-image-2264 avia-img-lazy-loading-not-2264\"  src=\"https:\/\/arsis.ee\/wp-content\/uploads\/ARSIS-kasikellad-1.jpg\" width=\"1440\" height=\"210\" title='ARSIS-kasikellad' alt=''  itemprop=\"thumbnailUrl\"  style='min-height:65px; min-width:446px; ' srcset=\"https:\/\/arsis.ee\/wp-content\/uploads\/ARSIS-kasikellad-1.jpg 1440w, https:\/\/arsis.ee\/wp-content\/uploads\/ARSIS-kasikellad-1-800x117.jpg 800w, https:\/\/arsis.ee\/wp-content\/uploads\/ARSIS-kasikellad-1-768x112.jpg 768w, https:\/\/arsis.ee\/wp-content\/uploads\/ARSIS-kasikellad-1-1030x150.jpg 1030w, https:\/\/arsis.ee\/wp-content\/uploads\/ARSIS-kasikellad-1-705x103.jpg 705w, https:\/\/arsis.ee\/wp-content\/uploads\/ARSIS-kasikellad-1-450x66.jpg 450w\" sizes=\"(max-width: 1440px) 100vw, 1440px\" \/><\/div><\/li><\/ul><\/div><\/div><div id='after_full_slider_1'  class='main_color av_default_container_wrap container_wrap fullsize'  ><div class='container av-section-cont-open' ><div class='template-page content  av-content-full alpha units'><div class='post-entry post-entry-type-page post-entry-839'><div class='entry-content-wrapper clearfix'>\n\n<style type=\"text\/css\" data-created_by=\"avia_inline_auto\" id=\"style-css-av-av_hr-373523e22f0366b13a549278f1ad345e\">\n#top .hr.hr-invisible.av-av_hr-373523e22f0366b13a549278f1ad345e{\nheight:10px;\n}\n<\/style>\n<div  class='hr av-av_hr-373523e22f0366b13a549278f1ad345e hr-invisible  avia-builder-el-1  el_after_av_slideshow_full  el_before_av_one_full  avia-builder-el-first '><span class='hr-inner '><span class=\"hr-inner-style\"><\/span><\/span><\/div>\n\n<style type=\"text\/css\" data-created_by=\"avia_inline_auto\" id=\"style-css-av-av_one_full-15d750bd1b332b34c6e70b077ebbccdf\">\n.flex_column.av-av_one_full-15d750bd1b332b34c6e70b077ebbccdf{\nborder-radius:0px 0px 0px 0px;\npadding:0px 0px 0px 0px;\n}\n<\/style>\n<div  class='flex_column av-av_one_full-15d750bd1b332b34c6e70b077ebbccdf av_one_full  avia-builder-el-2  el_after_av_hr  el_before_av_hr  first flex_column_div av-zero-column-padding  '     ><p>\n<style type=\"text\/css\" data-created_by=\"avia_inline_auto\" id=\"style-css-av-av_heading-350ecf421579bda2b5fd32d7b0757086\">\n#top .av-special-heading.av-av_heading-350ecf421579bda2b5fd32d7b0757086{\npadding-bottom:26px;\nfont-size:56px;\n}\nbody .av-special-heading.av-av_heading-350ecf421579bda2b5fd32d7b0757086 .av-special-heading-tag .heading-char{\nfont-size:25px;\n}\n#top #wrap_all .av-special-heading.av-av_heading-350ecf421579bda2b5fd32d7b0757086 .av-special-heading-tag{\nfont-size:56px;\n}\n.av-special-heading.av-av_heading-350ecf421579bda2b5fd32d7b0757086 .av-subheading{\nfont-size:15px;\n}\n\n@media only screen and (max-width: 479px){ \n#top #wrap_all .av-special-heading.av-av_heading-350ecf421579bda2b5fd32d7b0757086 .av-special-heading-tag{\nfont-size:40px;\n}\n}\n\n@media only screen and (min-width: 480px) and (max-width: 767px){ \n#top #wrap_all .av-special-heading.av-av_heading-350ecf421579bda2b5fd32d7b0757086 .av-special-heading-tag{\nfont-size:0.8em;\n}\n}\n<\/style>\n<div  class='av-special-heading av-av_heading-350ecf421579bda2b5fd32d7b0757086 av-special-heading-h1 blockquote modern-quote modern-centered  avia-builder-el-3  el_before_av_textblock  avia-builder-el-first  av-inherit-size'><h1 class='av-special-heading-tag '  itemprop=\"headline\"  >HANDBELLS FOR SALE<\/h1><div class=\"special-heading-border\"><div class=\"special-heading-inner-border\"><\/div><\/div><\/div><br \/>\n<section  class='av_textblock_section av-av_textblock-2de302bf1aa3cf4c9157dbe6f50ac7eb '   itemscope=\"itemscope\" itemtype=\"https:\/\/schema.org\/CreativeWork\" ><div class='avia_textblock'  itemprop=\"text\" ><h4 style=\"text-align: center;\"><strong>The history of handbells<\/strong><\/h4>\n<\/div><\/section><br \/>\n\n<style type=\"text\/css\" data-created_by=\"avia_inline_auto\" id=\"style-css-av-av_hr-6ec09fa25173fb98c0aabbac69f87068\">\n#top .hr.hr-invisible.av-av_hr-6ec09fa25173fb98c0aabbac69f87068{\nmargin-top:-20px;\nheight:1px;\n}\n<\/style>\n<div  class='hr av-av_hr-6ec09fa25173fb98c0aabbac69f87068 hr-invisible  avia-builder-el-5  el_after_av_textblock  el_before_av_textblock '><span class='hr-inner '><span class=\"hr-inner-style\"><\/span><\/span><\/div><br \/>\n<section  class='av_textblock_section av-ls95dcmk-55a9be977f71c9c67be850c3eb8ee1c1 '   itemscope=\"itemscope\" itemtype=\"https:\/\/schema.org\/CreativeWork\" ><div class='avia_textblock'  itemprop=\"text\" ><p style=\"text-align: left;\">The first tuned handbells were developed by brothers Robert and William Cor in England, between 1696 and 1724. There are many different legends about the origins of handbells. It is thought that they were first used by change ringers so that they could practice outside their towers. In time, the sets grew and handbell ensembles were founded. There were even competitive events in England and each village had to have a set of bells.<\/p>\n<p style=\"text-align: left;\">While handbell ensembles can be found in many different countries today, handbell music is most widely embraced in the United States. However, across the globe, <a href=\"https:\/\/handbellmusicians.org\/connect\/international-handbell-committee\/\">international handbell music symposiums<\/a> and seminars are regularly organized with the aim of promoting this beautiful musical art form.<\/p>\n<p style=\"text-align: left;\">Handbell music tradition in Estonia is relatively young \u2013 the first set of bells arrived in 1993 thanks to <a href=\"https:\/\/arsis.ee\/en\/ensembles\/concert-groups\/#MAE\"><b>Aivar M\u00e4e<\/b><\/a>, the conductor of the ARSIS Chamber Choir at that time.<\/p>\n<\/div><\/section><br \/>\n<section  class='av_textblock_section av-av_textblock-2de302bf1aa3cf4c9157dbe6f50ac7eb '   itemscope=\"itemscope\" itemtype=\"https:\/\/schema.org\/CreativeWork\" ><div class='avia_textblock'  itemprop=\"text\" ><h4 style=\"text-align: center;\"><strong>Malmark<\/strong><\/h4>\n<\/div><\/section><br \/>\n\n<style type=\"text\/css\" data-created_by=\"avia_inline_auto\" id=\"style-css-av-av_hr-6ec09fa25173fb98c0aabbac69f87068\">\n#top .hr.hr-invisible.av-av_hr-6ec09fa25173fb98c0aabbac69f87068{\nmargin-top:-20px;\nheight:1px;\n}\n<\/style>\n<div  class='hr av-av_hr-6ec09fa25173fb98c0aabbac69f87068 hr-invisible  avia-builder-el-8  el_after_av_textblock  el_before_av_textblock '><span class='hr-inner '><span class=\"hr-inner-style\"><\/span><\/span><\/div><br \/>\n<section  class='av_textblock_section av-ls95e37w-eae91f0e6ae53f296a6cf79b0c7ea14d '   itemscope=\"itemscope\" itemtype=\"https:\/\/schema.org\/CreativeWork\" ><div class='avia_textblock'  itemprop=\"text\" ><p style=\"text-align: left;\">Malmark Bellcraftsmen are one of the leading factories in the design, making and tuning handbells. Their handbells made of bronze are handcrafted. Handbells are usually produced in sets of 25, 37, 49, 61, 73, or 85 bells. Small sets can be expanded by adding bells. The large bass bells from C2-F#3 are also available.<\/p>\n<p style=\"text-align: left;\">Arsis is the official representative of Malmark Bellcraftsmen in Estonia.<\/p>\n<p style=\"text-align: left;\">We will help you find the best set from Malmark\u2019s extensive <a href=\"https:\/\/drive.google.com\/file\/d\/1J7YCbKDaX8HkrafRbkDK9tS8t8AbAlM1\/view\" target=\"_blank\" rel=\"noopener\"><strong>product assortment<\/strong><\/a>.<\/p>\n<p style=\"text-align: left;\">Handbells also need to be regulalry polished and cleaned in order to preserve their sound and their beautiful appearance. We can help you with this, since we have the required polishing tools and competent workers!<\/p>\n<p style=\"text-align: left;\">In case of pricing, wishing to buy handbells or just questions, please feel free to contact us:<\/p>\n<p style=\"text-align: left;\">phone:<strong><a href=\"Telefon:+372%2052 84 682\">+372 52 84 682<\/a><\/strong>\u00a0e-mail:\u00a0<a href=\"mailto:info@arsis.ee\"><strong>info@arsis.ee<\/strong><\/a><\/p>\n<\/div><\/section><\/p><\/div>\n<style type=\"text\/css\" data-created_by=\"avia_inline_auto\" id=\"style-css-av-av_hr-616cd310f4c6bf63bbd1f033802c1165\">\n#top .hr.hr-invisible.av-av_hr-616cd310f4c6bf63bbd1f033802c1165{\nheight:20px;\n}\n<\/style>\n<div  class='hr av-av_hr-616cd310f4c6bf63bbd1f033802c1165 hr-invisible  avia-builder-el-10  el_after_av_one_full  el_before_av_one_fourth '><span class='hr-inner '><span class=\"hr-inner-style\"><\/span><\/span><\/div><\/p>\n\n<style type=\"text\/css\" data-created_by=\"avia_inline_auto\" id=\"style-css-av-av_one_fourth-15d750bd1b332b34c6e70b077ebbccdf\">\n.flex_column.av-av_one_fourth-15d750bd1b332b34c6e70b077ebbccdf{\nborder-radius:0px 0px 0px 0px;\npadding:0px 0px 0px 0px;\n}\n<\/style>\n<div  class='flex_column av-av_one_fourth-15d750bd1b332b34c6e70b077ebbccdf av_one_fourth  avia-builder-el-11  el_after_av_hr  el_before_av_one_fourth  first flex_column_div av-zero-column-padding  '     ><\/div>\n\n<style type=\"text\/css\" data-created_by=\"avia_inline_auto\" id=\"style-css-av-av_one_fourth-c8fc129dc35fd1ae2a1e410224d39ea8\">\n.flex_column.av-av_one_fourth-c8fc129dc35fd1ae2a1e410224d39ea8{\nborder-radius:0px 0px 0px 0px;\npadding:0px 0px 0px 0px;\n}\n<\/style>\n<div  class='flex_column av-av_one_fourth-c8fc129dc35fd1ae2a1e410224d39ea8 av_one_fourth  avia-builder-el-12  el_after_av_one_fourth  el_before_av_one_fourth  flex_column_div av-zero-column-padding  '     ><div  class='avia-button-wrap av-av_button-d46f541ee97232e00f4b111035f6603e-wrap avia-button-center  avia-builder-el-13  avia-builder-el-no-sibling '><a href='https:\/\/drive.google.com\/file\/d\/1J7YCbKDaX8HkrafRbkDK9tS8t8AbAlM1\/view' class='avia-button av-av_button-d46f541ee97232e00f4b111035f6603e av-link-btn avia-icon_select-no avia-size-small avia-position-center avia-color-black' target=\"_blank\" rel=\"noopener noreferrer\" aria-label=\"Product Catalogue\"><span class='avia_iconbox_title' >Product Catalogue<\/span><\/a><\/div><\/div>\n\n<style type=\"text\/css\" data-created_by=\"avia_inline_auto\" id=\"style-css-av-av_one_fourth-c8fc129dc35fd1ae2a1e410224d39ea8\">\n.flex_column.av-av_one_fourth-c8fc129dc35fd1ae2a1e410224d39ea8{\nborder-radius:0px 0px 0px 0px;\npadding:0px 0px 0px 0px;\n}\n<\/style>\n<div  class='flex_column av-av_one_fourth-c8fc129dc35fd1ae2a1e410224d39ea8 av_one_fourth  avia-builder-el-14  el_after_av_one_fourth  el_before_av_one_fourth  flex_column_div av-zero-column-padding  '     ><div  class='avia-button-wrap av-av_button-96c16e13d980ad300a89d6f3f1a3e383-wrap avia-button-center  avia-builder-el-15  avia-builder-el-no-sibling '><a href='http:\/\/arsis.ee\/en\/contact\/#TIINA'  class='avia-button av-av_button-96c16e13d980ad300a89d6f3f1a3e383 av-link-btn avia-icon_select-no avia-size-small avia-position-center avia-color-black'   aria-label=\"Contact us\"><span class='avia_iconbox_title' >Contact us<\/span><\/a><\/div><\/div>\n\n<style type=\"text\/css\" data-created_by=\"avia_inline_auto\" id=\"style-css-av-av_one_fourth-c8fc129dc35fd1ae2a1e410224d39ea8\">\n.flex_column.av-av_one_fourth-c8fc129dc35fd1ae2a1e410224d39ea8{\nborder-radius:0px 0px 0px 0px;\npadding:0px 0px 0px 0px;\n}\n<\/style>\n<div  class='flex_column av-av_one_fourth-c8fc129dc35fd1ae2a1e410224d39ea8 av_one_fourth  avia-builder-el-16  el_after_av_one_fourth  el_before_av_hr  flex_column_div av-zero-column-padding  '     ><\/div>\n\n<style type=\"text\/css\" data-created_by=\"avia_inline_auto\" id=\"style-css-av-av_hr-373523e22f0366b13a549278f1ad345e\">\n#top .hr.hr-invisible.av-av_hr-373523e22f0366b13a549278f1ad345e{\nheight:10px;\n}\n<\/style>\n<div  class='hr av-av_hr-373523e22f0366b13a549278f1ad345e hr-invisible  avia-builder-el-17  el_after_av_one_fourth  avia-builder-el-last '><span class='hr-inner '><span class=\"hr-inner-style\"><\/span><\/span><\/div>\n","protected":false},"excerpt":{"rendered":"","protected":false},"author":1,"featured_media":0,"parent":0,"menu_order":0,"comment_status":"closed","ping_status":"closed","template":"","meta":[],"yoast_head":"<!-- This site is optimized with the Yoast SEO plugin v19.11 - https:\/\/yoast.com\/wordpress\/plugins\/seo\/ -->\n<title>K\u00e4sikellade m\u00fc\u00fck \u2013 Malmarki kellakomplektid Ameerikast!<\/title>\n<meta name=\"description\" content=\"Parimad k\u00e4sikellad leiad Malmarki tootekataloogist \u2013 vastupidavad, kauni k\u00f5laga, sobilikud lastele ja t\u00e4iskasvanutele, professionaalidele ja amat\u00f6\u00f6ridele!\" \/>\n<meta name=\"robots\" content=\"index, follow, max-snippet:-1, max-image-preview:large, max-video-preview:-1\" \/>\n<link rel=\"canonical\" href=\"https:\/\/arsis.ee\/en\/handbells-for-sale\/\" \/>\n<meta property=\"og:locale\" content=\"en_US\" \/>\n<meta property=\"og:type\" content=\"article\" \/>\n<meta property=\"og:title\" content=\"K\u00e4sikellade m\u00fc\u00fck \u2013 Malmarki kellakomplektid Ameerikast!\" \/>\n<meta property=\"og:description\" content=\"Parimad k\u00e4sikellad leiad Malmarki tootekataloogist \u2013 vastupidavad, kauni k\u00f5laga, sobilikud lastele ja t\u00e4iskasvanutele, professionaalidele ja amat\u00f6\u00f6ridele!\" \/>\n<meta property=\"og:url\" content=\"https:\/\/arsis.ee\/en\/handbells-for-sale\/\" \/>\n<meta property=\"og:site_name\" content=\"arsis\" \/>\n<meta property=\"article:modified_time\" content=\"2024-02-05T16:30:04+00:00\" \/>\n<meta name=\"twitter:card\" content=\"summary_large_image\" \/>\n<meta name=\"twitter:label1\" content=\"Est. reading time\" \/>\n\t<meta name=\"twitter:data1\" content=\"4 minutes\" \/>\n<script type=\"application\/ld+json\" class=\"yoast-schema-graph\">{\"@context\":\"https:\/\/schema.org\",\"@graph\":[{\"@type\":\"WebPage\",\"@id\":\"https:\/\/arsis.ee\/en\/handbells-for-sale\/\",\"url\":\"https:\/\/arsis.ee\/en\/handbells-for-sale\/\",\"name\":\"K\u00e4sikellade m\u00fc\u00fck \u2013 Malmarki kellakomplektid Ameerikast!\",\"isPartOf\":{\"@id\":\"https:\/\/arsis.ee\/#website\"},\"datePublished\":\"2018-02-26T13:54:40+00:00\",\"dateModified\":\"2024-02-05T16:30:04+00:00\",\"description\":\"Parimad k\u00e4sikellad leiad Malmarki tootekataloogist \u2013 vastupidavad, kauni k\u00f5laga, sobilikud lastele ja t\u00e4iskasvanutele, professionaalidele ja amat\u00f6\u00f6ridele!\",\"breadcrumb\":{\"@id\":\"https:\/\/arsis.ee\/en\/handbells-for-sale\/#breadcrumb\"},\"inLanguage\":\"en-US\",\"potentialAction\":[{\"@type\":\"ReadAction\",\"target\":[\"https:\/\/arsis.ee\/en\/handbells-for-sale\/\"]}]},{\"@type\":\"BreadcrumbList\",\"@id\":\"https:\/\/arsis.ee\/en\/handbells-for-sale\/#breadcrumb\",\"itemListElement\":[{\"@type\":\"ListItem\",\"position\":1,\"name\":\"Home\",\"item\":\"https:\/\/arsis.ee\/en\/landing-page\/\"},{\"@type\":\"ListItem\",\"position\":2,\"name\":\"HANDBELLS FOR SALE\"}]},{\"@type\":\"WebSite\",\"@id\":\"https:\/\/arsis.ee\/#website\",\"url\":\"https:\/\/arsis.ee\/\",\"name\":\"arsis\",\"description\":\"ARSIS | Kellade ansamblid ja Kellade Kool\",\"potentialAction\":[{\"@type\":\"SearchAction\",\"target\":{\"@type\":\"EntryPoint\",\"urlTemplate\":\"https:\/\/arsis.ee\/?s={search_term_string}\"},\"query-input\":\"required name=search_term_string\"}],\"inLanguage\":\"en-US\"}]}<\/script>\n<!-- \/ Yoast SEO plugin. -->","yoast_head_json":{"title":"K\u00e4sikellade m\u00fc\u00fck \u2013 Malmarki kellakomplektid Ameerikast!","description":"Parimad k\u00e4sikellad leiad Malmarki tootekataloogist \u2013 vastupidavad, kauni k\u00f5laga, sobilikud lastele ja t\u00e4iskasvanutele, professionaalidele ja amat\u00f6\u00f6ridele!","robots":{"index":"index","follow":"follow","max-snippet":"max-snippet:-1","max-image-preview":"max-image-preview:large","max-video-preview":"max-video-preview:-1"},"canonical":"https:\/\/arsis.ee\/en\/handbells-for-sale\/","og_locale":"en_US","og_type":"article","og_title":"K\u00e4sikellade m\u00fc\u00fck \u2013 Malmarki kellakomplektid Ameerikast!","og_description":"Parimad k\u00e4sikellad leiad Malmarki tootekataloogist \u2013 vastupidavad, kauni k\u00f5laga, sobilikud lastele ja t\u00e4iskasvanutele, professionaalidele ja amat\u00f6\u00f6ridele!","og_url":"https:\/\/arsis.ee\/en\/handbells-for-sale\/","og_site_name":"arsis","article_modified_time":"2024-02-05T16:30:04+00:00","twitter_card":"summary_large_image","twitter_misc":{"Est. reading time":"4 minutes"},"schema":{"@context":"https:\/\/schema.org","@graph":[{"@type":"WebPage","@id":"https:\/\/arsis.ee\/en\/handbells-for-sale\/","url":"https:\/\/arsis.ee\/en\/handbells-for-sale\/","name":"K\u00e4sikellade m\u00fc\u00fck \u2013 Malmarki kellakomplektid Ameerikast!","isPartOf":{"@id":"https:\/\/arsis.ee\/#website"},"datePublished":"2018-02-26T13:54:40+00:00","dateModified":"2024-02-05T16:30:04+00:00","description":"Parimad k\u00e4sikellad leiad Malmarki tootekataloogist \u2013 vastupidavad, kauni k\u00f5laga, sobilikud lastele ja t\u00e4iskasvanutele, professionaalidele ja amat\u00f6\u00f6ridele!","breadcrumb":{"@id":"https:\/\/arsis.ee\/en\/handbells-for-sale\/#breadcrumb"},"inLanguage":"en-US","potentialAction":[{"@type":"ReadAction","target":["https:\/\/arsis.ee\/en\/handbells-for-sale\/"]}]},{"@type":"BreadcrumbList","@id":"https:\/\/arsis.ee\/en\/handbells-for-sale\/#breadcrumb","itemListElement":[{"@type":"ListItem","position":1,"name":"Home","item":"https:\/\/arsis.ee\/en\/landing-page\/"},{"@type":"ListItem","position":2,"name":"HANDBELLS FOR SALE"}]},{"@type":"WebSite","@id":"https:\/\/arsis.ee\/#website","url":"https:\/\/arsis.ee\/","name":"arsis","description":"ARSIS | Kellade ansamblid ja Kellade Kool","potentialAction":[{"@type":"SearchAction","target":{"@type":"EntryPoint","urlTemplate":"https:\/\/arsis.ee\/?s={search_term_string}"},"query-input":"required name=search_term_string"}],"inLanguage":"en-US"}]}},"_links":{"self":[{"href":"https:\/\/arsis.ee\/en\/wp-json\/wp\/v2\/pages\/839"}],"collection":[{"href":"https:\/\/arsis.ee\/en\/wp-json\/wp\/v2\/pages"}],"about":[{"href":"https:\/\/arsis.ee\/en\/wp-json\/wp\/v2\/types\/page"}],"author":[{"embeddable":true,"href":"https:\/\/arsis.ee\/en\/wp-json\/wp\/v2\/users\/1"}],"replies":[{"embeddable":true,"href":"https:\/\/arsis.ee\/en\/wp-json\/wp\/v2\/comments?post=839"}],"version-history":[{"count":8,"href":"https:\/\/arsis.ee\/en\/wp-json\/wp\/v2\/pages\/839\/revisions"}],"predecessor-version":[{"id":1632,"href":"https:\/\/arsis.ee\/en\/wp-json\/wp\/v2\/pages\/839\/revisions\/1632"}],"wp:attachment":[{"href":"https:\/\/arsis.ee\/en\/wp-json\/wp\/v2\/media?parent=839"}],"curies":[{"name":"wp","href":"https:\/\/api.w.org\/{rel}","templated":true}]}}