{"id":841,"date":"2018-02-26T15:54:08","date_gmt":"2018-02-26T13:54:08","guid":{"rendered":"http:\/\/arsis.ee\/?page_id=841"},"modified":"2025-04-28T16:34:18","modified_gmt":"2025-04-28T13:34:18","slug":"arsis-handbell-schools","status":"publish","type":"page","link":"https:\/\/arsis.ee\/en\/arsis-handbell-schools\/","title":{"rendered":"HANDBELL SCHOOLS"},"content":{"rendered":"<div id='full_slider_1'  class='avia-fullwidth-slider main_color avia-shadow   avia-builder-el-0  el_before_av_hr  avia-builder-el-first   container_wrap fullsize'  ><div  class='avia-slideshow av-2h6sm1-380cdffd9f2ba77e96a8fedc658031e3 avia-slideshow-no scaling av_slideshow_full avia-fade-slider av-slideshow-ui av-control-default av-slideshow-manual av-loop-once av-loop-manual-endless av-default-height-applied   avia-slideshow-1' data-slideshow-options=\"{&quot;animation&quot;:&quot;fade&quot;,&quot;autoplay&quot;:false,&quot;loop_autoplay&quot;:&quot;once&quot;,&quot;interval&quot;:1,&quot;loop_manual&quot;:&quot;manual-endless&quot;,&quot;autoplay_stopper&quot;:false,&quot;noNavigation&quot;:false,&quot;bg_slider&quot;:false,&quot;keep_padding&quot;:false,&quot;hoverpause&quot;:false,&quot;show_slide_delay&quot;:0}\"  itemprop=\"image\" itemscope=\"itemscope\" itemtype=\"https:\/\/schema.org\/ImageObject\" ><ul class='avia-slideshow-inner ' style='padding-bottom: 14.583333333333%;'><li  class='avia-slideshow-slide av-2h6sm1-380cdffd9f2ba77e96a8fedc658031e3__0  av-single-slide slide-1 slide-odd'><div data-rel='slideshow-1' class='avia-slide-wrap '   ><img class=\"wp-image-2271 avia-img-lazy-loading-not-2271\"  src=\"https:\/\/arsis.ee\/wp-content\/uploads\/ARSIS_koolid3.jpg\" width=\"1440\" height=\"210\" title='ARSIS_koolid3' alt=''  itemprop=\"thumbnailUrl\"  style='min-height:65px; min-width:446px; ' srcset=\"https:\/\/arsis.ee\/wp-content\/uploads\/ARSIS_koolid3.jpg 1440w, https:\/\/arsis.ee\/wp-content\/uploads\/ARSIS_koolid3-800x117.jpg 800w, https:\/\/arsis.ee\/wp-content\/uploads\/ARSIS_koolid3-768x112.jpg 768w, https:\/\/arsis.ee\/wp-content\/uploads\/ARSIS_koolid3-1030x150.jpg 1030w, https:\/\/arsis.ee\/wp-content\/uploads\/ARSIS_koolid3-705x103.jpg 705w, https:\/\/arsis.ee\/wp-content\/uploads\/ARSIS_koolid3-450x66.jpg 450w\" sizes=\"(max-width: 1440px) 100vw, 1440px\" \/><\/div><\/li><\/ul><\/div><\/div><div id='after_full_slider_1'  class='main_color av_default_container_wrap container_wrap fullsize'  ><div class='container av-section-cont-open' ><div class='template-page content  av-content-full alpha units'><div class='post-entry post-entry-type-page post-entry-841'><div class='entry-content-wrapper clearfix'>\n\n<style type=\"text\/css\" data-created_by=\"avia_inline_auto\" id=\"style-css-av-20pwh5-72bc14f2ceeade83f071576b4e847f65\">\n#top .hr.hr-invisible.av-20pwh5-72bc14f2ceeade83f071576b4e847f65{\nheight:10px;\n}\n<\/style>\n<div  class='hr av-20pwh5-72bc14f2ceeade83f071576b4e847f65 hr-invisible  avia-builder-el-1  el_after_av_slideshow_full  el_before_av_one_full  avia-builder-el-first '><span class='hr-inner '><span class=\"hr-inner-style\"><\/span><\/span><\/div>\n\n<style type=\"text\/css\" data-created_by=\"avia_inline_auto\" id=\"style-css-av-1vv0y9-958ec45060eafa70e65174d9df1746f6\">\n.flex_column.av-1vv0y9-958ec45060eafa70e65174d9df1746f6{\nborder-radius:0px 0px 0px 0px;\npadding:0px 0px 0px 0px;\n}\n<\/style>\n<div  class='flex_column av-1vv0y9-958ec45060eafa70e65174d9df1746f6 av_one_full  avia-builder-el-2  el_after_av_hr  el_before_av_two_third  first flex_column_div av-zero-column-padding  '     ><p>\n<style type=\"text\/css\" data-created_by=\"avia_inline_auto\" id=\"style-css-av-1rk8f5-cda20c373dafac75223106f75c974f89\">\n#top .av-special-heading.av-1rk8f5-cda20c373dafac75223106f75c974f89{\npadding-bottom:26px;\nfont-size:56px;\n}\nbody .av-special-heading.av-1rk8f5-cda20c373dafac75223106f75c974f89 .av-special-heading-tag .heading-char{\nfont-size:25px;\n}\n#top #wrap_all .av-special-heading.av-1rk8f5-cda20c373dafac75223106f75c974f89 .av-special-heading-tag{\nfont-size:56px;\n}\n.av-special-heading.av-1rk8f5-cda20c373dafac75223106f75c974f89 .av-subheading{\nfont-size:15px;\n}\n\n@media only screen and (min-width: 480px) and (max-width: 767px){ \n#top #wrap_all .av-special-heading.av-1rk8f5-cda20c373dafac75223106f75c974f89 .av-special-heading-tag{\nfont-size:0.8em;\n}\n}\n\n@media only screen and (max-width: 479px){ \n#top #wrap_all .av-special-heading.av-1rk8f5-cda20c373dafac75223106f75c974f89 .av-special-heading-tag{\nfont-size:0.8em;\n}\n}\n<\/style>\n<div  class='av-special-heading av-1rk8f5-cda20c373dafac75223106f75c974f89 av-special-heading-h1 blockquote modern-quote modern-centered  avia-builder-el-3  el_before_av_textblock  avia-builder-el-first  av-inherit-size'><h1 class='av-special-heading-tag '  itemprop=\"headline\"  >ARSIS HANDBELL SCHOOLS<\/h1><div class=\"special-heading-border\"><div class=\"special-heading-inner-border\"><\/div><\/div><\/div><br \/>\n\n<style type=\"text\/css\" data-created_by=\"avia_inline_auto\" id=\"style-css-av-1mqk3t-0a2483d3ba00a08f28a3f83201b4bc22\">\n#top .av_textblock_section.av-1mqk3t-0a2483d3ba00a08f28a3f83201b4bc22 .avia_textblock{\ncolor:#ffffff;\n}\n<\/style>\n<section  class='av_textblock_section av-1mqk3t-0a2483d3ba00a08f28a3f83201b4bc22 '   itemscope=\"itemscope\" itemtype=\"https:\/\/schema.org\/CreativeWork\" ><div class='avia_textblock av_inherit_color'  itemprop=\"text\" ><h4 style=\"text-align: center;\"><b>How did it all begin?<\/b><\/h4>\n<\/div><\/section><br \/>\n\n<style type=\"text\/css\" data-created_by=\"avia_inline_auto\" id=\"style-css-av-1a2d9l-b6005b5a836f0c6c17d5da69e333bfbf\">\n#top .hr.hr-invisible.av-1a2d9l-b6005b5a836f0c6c17d5da69e333bfbf{\nmargin-top:-50px;\nheight:1px;\n}\n<\/style>\n<div  class='hr av-1a2d9l-b6005b5a836f0c6c17d5da69e333bfbf hr-invisible  avia-builder-el-5  el_after_av_textblock  avia-builder-el-last '><span class='hr-inner '><span class=\"hr-inner-style\"><\/span><\/span><\/div><\/p><\/div>\n\n<style type=\"text\/css\" data-created_by=\"avia_inline_auto\" id=\"style-css-av-yp50h-d576b6a2eb25497ce3daf221268f6002\">\n.flex_column.av-yp50h-d576b6a2eb25497ce3daf221268f6002{\nborder-radius:0px 0px 0px 0px;\npadding:0px 0px 0px 0px;\n}\n<\/style>\n<div  class='flex_column av-yp50h-d576b6a2eb25497ce3daf221268f6002 av_two_third  avia-builder-el-6  el_after_av_one_full  el_before_av_one_fourth  first flex_column_div av-zero-column-padding  column-top-margin'     ><section  class='av_textblock_section av-2wm2x-a1bf4f154a8a00212ea30088cd846c48 '   itemscope=\"itemscope\" itemtype=\"https:\/\/schema.org\/CreativeWork\" ><div class='avia_textblock'  itemprop=\"text\" ><p style=\"text-align: left;\">When the first Arsis children ensemble started its activity in 1996, we saw how much delight and happiness playing handbells brought them. Handbells are instruments that relatively quickly enable playing in an ensemble and therefore also allowing to enjoy making music quicker as well!<br \/>\nWe decided that this joy needs to be shared with more children and the idea of a handbell school started to grow!<\/p>\n<p style=\"text-align: left;\">After a year full of searching for suitable rooms, paperwork, assembling the staff and acquiring a teaching permit from the Estonian Ministry of Education and Research, the Arsis Handbell School opened in 1999 in <a href=\"http:\/\/arsis.ee\/en\/arsis-handbell-schools\/tallinn-school\/\"><strong>Tallinn<\/strong><\/a> and two years later in <strong><a href=\"http:\/\/arsis.ee\/en\/arsis-handbell-schools\/tartu-school\/\">Tartu<\/a>.<\/strong><\/p>\n<p style=\"text-align: left;\">To date, we have given basic music education to almost a 1000 Estonian children, many of whom we often meet at different concert halls, either among the audience or on stage as professional musicians. Several of them have continued playing handbells in <b><a href=\"https:\/\/arsis.ee\/en\/ensembles\/concert-groups\/\">Arsis concert groups<\/a>,<\/b> participating actively in concert programmes.<\/p>\n<p style=\"text-align: left;\">Teamwork, responsibility, communication and courage to perform \u2013 these are the skills that children learn from playing in an ensemble! They will also find friends for life!<\/p>\n<\/div><\/section><br \/>\n\n<style type=\"text\/css\" data-created_by=\"avia_inline_auto\" id=\"style-css-av-j8mah-c7a4a7252388ff32c97fe31fda74fcda\">\n#top .hr.hr-invisible.av-j8mah-c7a4a7252388ff32c97fe31fda74fcda{\nmargin-top:-50px;\nheight:1px;\n}\n<\/style>\n<div  class='hr av-j8mah-c7a4a7252388ff32c97fe31fda74fcda hr-invisible  avia-builder-el-8  el_after_av_textblock  avia-builder-el-last '><span class='hr-inner '><span class=\"hr-inner-style\"><\/span><\/span><\/div><\/p><\/div>\n\n<style type=\"text\/css\" data-created_by=\"avia_inline_auto\" id=\"style-css-av-gvnnd-e116318da2897028b15ab6b14d5663ac\">\n.flex_column.av-gvnnd-e116318da2897028b15ab6b14d5663ac{\nborder-radius:0px 0px 0px 0px;\npadding:40px 0px 0px 0px;\n}\n<\/style>\n<div  class='flex_column av-gvnnd-e116318da2897028b15ab6b14d5663ac av_one_fourth  avia-builder-el-9  el_after_av_two_third  el_before_av_two_third  flex_column_div  column-top-margin'     ><p>\n<style type=\"text\/css\" data-created_by=\"avia_inline_auto\" id=\"style-css-av-lv49m82d-a112b2e60fd5faa48ab8f1ca4732dac0\">\n.avia-image-container.av-lv49m82d-a112b2e60fd5faa48ab8f1ca4732dac0 img.avia_image{\nbox-shadow:none;\n}\n.avia-image-container.av-lv49m82d-a112b2e60fd5faa48ab8f1ca4732dac0 .av-image-caption-overlay-center{\ncolor:#ffffff;\n}\n<\/style>\n<div  class='avia-image-container av-lv49m82d-a112b2e60fd5faa48ab8f1ca4732dac0 av-styling- avia-align-center  avia-builder-el-10  el_before_av_hr  avia-builder-el-first '   itemprop=\"image\" itemscope=\"itemscope\" itemtype=\"https:\/\/schema.org\/ImageObject\" ><div class=\"avia-image-container-inner\"><div class=\"avia-image-overlay-wrap\"><img class='wp-image-3543 avia-img-lazy-loading-not-3543 avia_image ' src=\"https:\/\/arsis.ee\/wp-content\/uploads\/l2bipaistev_tunnustusm2rk_2024-180x180.png\" alt='Kvaliteetne huvikool 202' title='l2bipaistev_tunnustusm2rk_2024'  height=\"180\" width=\"180\"  itemprop=\"thumbnailUrl\" srcset=\"https:\/\/arsis.ee\/wp-content\/uploads\/l2bipaistev_tunnustusm2rk_2024-180x180.png 180w, https:\/\/arsis.ee\/wp-content\/uploads\/l2bipaistev_tunnustusm2rk_2024-80x80.png 80w, https:\/\/arsis.ee\/wp-content\/uploads\/l2bipaistev_tunnustusm2rk_2024-36x36.png 36w\" sizes=\"(max-width: 180px) 100vw, 180px\" \/><\/div><\/div><\/div><br \/>\n\n<style type=\"text\/css\" data-created_by=\"avia_inline_auto\" id=\"style-css-av-8h2wh-ce4501ed5d5aa8e0769c3b1258395c65\">\n#top .hr.hr-invisible.av-8h2wh-ce4501ed5d5aa8e0769c3b1258395c65{\nheight:30px;\n}\n<\/style>\n<div  class='hr av-8h2wh-ce4501ed5d5aa8e0769c3b1258395c65 hr-invisible  avia-builder-el-11  el_after_av_image  avia-builder-el-last '><span class='hr-inner '><span class=\"hr-inner-style\"><\/span><\/span><\/div><\/p><\/div>\n\n<style type=\"text\/css\" data-created_by=\"avia_inline_auto\" id=\"style-css-av-15f1ch-79d2f99a36b461cec126a3c52f1831cd\">\n.flex_column.av-15f1ch-79d2f99a36b461cec126a3c52f1831cd{\nborder-radius:0px 0px 0px 0px;\npadding:0px 0px 0px 0px;\n}\n<\/style>\n<div  class='flex_column av-15f1ch-79d2f99a36b461cec126a3c52f1831cd av_two_third  avia-builder-el-12  el_after_av_one_fourth  el_before_av_one_third  first flex_column_div av-zero-column-padding  column-top-margin'     ><style type=\"text\/css\" data-created_by=\"avia_inline_auto\" id=\"style-css-av-3eidd-95384a19da8a45f237dd7c649c1597e4\">\n#top .av_textblock_section.av-3eidd-95384a19da8a45f237dd7c649c1597e4 .avia_textblock{\ncolor:#ffffff;\n}\n<\/style>\n<section  class='av_textblock_section av-3eidd-95384a19da8a45f237dd7c649c1597e4 '   itemscope=\"itemscope\" itemtype=\"https:\/\/schema.org\/CreativeWork\" ><div class='avia_textblock av_inherit_color'  itemprop=\"text\" ><h4 style=\"text-align: center;\"><b>How is the learning process organized?<\/b><\/h4>\n<\/div><\/section><br \/>\n\n<style type=\"text\/css\" data-created_by=\"avia_inline_auto\" id=\"style-css-av-r8bjl-52ab1b170d9ff57d1636ec75ee942f57\">\n#top .av_textblock_section.av-r8bjl-52ab1b170d9ff57d1636ec75ee942f57 .avia_textblock{\nfont-size:16px;\n}\n<\/style>\n<section  class='av_textblock_section av-r8bjl-52ab1b170d9ff57d1636ec75ee942f57 '   itemscope=\"itemscope\" itemtype=\"https:\/\/schema.org\/CreativeWork\" ><div class='avia_textblock'  itemprop=\"text\" ><ul>\n<li style=\"text-align: left;\">The training has been organized in stages as a system of courses, which comprises a four-year basic school and additional courses in the following years as supplementary training.<\/li>\n<li style=\"text-align: left;\">The school year begins in September and generally ends in May or June. There is no school during holidays.<\/li>\n<li style=\"text-align: left;\">Since 2003, there are also preliminary courses guiding pre-school children from play to learning and preparing them for the school admission.<\/li>\n<li style=\"text-align: left;\">Children are admitted to the 1st course twice in a year \u2013 in spring and autumn.<\/li>\n<li style=\"text-align: left;\">At the end of the first and second terms, children receive certificates showing the grades and assessments in the subjects taken.<\/li>\n<li style=\"text-align: left;\">To finish the Arsis Handbell School, a pupil must pursue the full curriculum of the basic school (i.e. four courses). The graduates receive certificates.<\/li>\n<li style=\"text-align: left;\">After graduating, they have the option to move on to additional training or to apply for a position in the <a href=\"http:\/\/arsis.ee\/en\/ensembles\/arsis-youth-ensembles\/\"><strong>youth concert ensembles<\/strong><\/a> in case of vacancy.<\/li>\n<li style=\"text-align: left;\">The school collects a tuition fee payable under an invoice in advance by a transfer to the relevant bank account. Since the school has been registered at the Estonian Education Information System (EHIS), parents can deduct the training expenses paid by them during the calendar year when declaring the tax return to the Estonian Tax and Customs Board.<\/li>\n<\/ul>\n<\/div><\/section><\/p><\/div>\n\n<style type=\"text\/css\" data-created_by=\"avia_inline_auto\" id=\"style-css-av-lgjlt-ad3d2670ab11455e2719d4cf84a70f42\">\n.flex_column.av-lgjlt-ad3d2670ab11455e2719d4cf84a70f42{\nborder-radius:0px 0px 0px 0px;\npadding:0px 0px 0px 0px;\n}\n<\/style>\n<div  class='flex_column av-lgjlt-ad3d2670ab11455e2719d4cf84a70f42 av_one_third  avia-builder-el-15  el_after_av_two_third  el_before_av_hr  flex_column_div av-zero-column-padding  column-top-margin'     ><style type=\"text\/css\" data-created_by=\"avia_inline_auto\" id=\"style-css-av-ganh5-60763ec298c5a5e7fdf54f7f6efb3e80\">\n#top .av_textblock_section.av-ganh5-60763ec298c5a5e7fdf54f7f6efb3e80 .avia_textblock{\ncolor:#ffffff;\n}\n<\/style>\n<section  class='av_textblock_section av-ganh5-60763ec298c5a5e7fdf54f7f6efb3e80 '   itemscope=\"itemscope\" itemtype=\"https:\/\/schema.org\/CreativeWork\" ><div class='avia_textblock av_inherit_color'  itemprop=\"text\" ><h4 style=\"text-align: center;\"><strong>What subjects are in the curriculum?<\/strong><\/h4>\n<\/div><\/section><br \/>\n\n<style type=\"text\/css\" data-created_by=\"avia_inline_auto\" id=\"style-css-av-lluxclng-77ab6459e318cf8b9cbea210cbf286cf\">\n#top .av_textblock_section.av-lluxclng-77ab6459e318cf8b9cbea210cbf286cf .avia_textblock{\nfont-size:16px;\n}\n<\/style>\n<section  class='av_textblock_section av-lluxclng-77ab6459e318cf8b9cbea210cbf286cf '   itemscope=\"itemscope\" itemtype=\"https:\/\/schema.org\/CreativeWork\" ><div class='avia_textblock'  itemprop=\"text\" ><ul>\n<li style=\"text-align: left;\">Handbell ensemble \u2013 groups consist of 8\u201315 students. An important part of the handbell class is the integration of solfeggio components. This blended approach helps students better understand music theory concepts, visualize them clearly, and immediately apply them in practice..<\/li>\n<li style=\"text-align: left;\">Piano lesson (elective) \u2013 pupils are taught\u00a0in ensemble settings with groups of two students.<\/li>\n<\/ul>\n<\/div><\/section><\/p><\/div>\n<style type=\"text\/css\" data-created_by=\"avia_inline_auto\" id=\"style-css-av-aabo1-b0a84e1443c293de63eb0c9d5391d781\">\n#top .hr.hr-invisible.av-aabo1-b0a84e1443c293de63eb0c9d5391d781{\nheight:10px;\n}\n<\/style>\n<div  class='hr av-aabo1-b0a84e1443c293de63eb0c9d5391d781 hr-invisible  avia-builder-el-18  el_after_av_one_third  avia-builder-el-last '><span class='hr-inner '><span class=\"hr-inner-style\"><\/span><\/span><\/div><\/p>\n","protected":false},"excerpt":{"rendered":"","protected":false},"author":1,"featured_media":0,"parent":0,"menu_order":0,"comment_status":"closed","ping_status":"closed","template":"","meta":[],"yoast_head":"<!-- This site is optimized with the Yoast SEO plugin v19.11 - https:\/\/yoast.com\/wordpress\/plugins\/seo\/ -->\n<title>Arsise kellade koolid Tallinnas ja Tartus \u2013 unikaalsed huvikoolid<\/title>\n<meta name=\"description\" content=\"Loe l\u00e4hemalt 1999. aastal asutatud lastele ja noortele suunatud huvikooli s\u00fcnnist, \u00f5ppet\u00f6\u00f6korraldusest ja \u00f5ppekavast. Muusika\u00f5pe l\u00e4bi k\u00e4sikellade.\" \/>\n<meta name=\"robots\" content=\"index, follow, max-snippet:-1, max-image-preview:large, max-video-preview:-1\" \/>\n<link rel=\"canonical\" href=\"https:\/\/arsis.ee\/en\/arsis-handbell-schools\/\" \/>\n<meta property=\"og:locale\" content=\"en_US\" \/>\n<meta property=\"og:type\" content=\"article\" \/>\n<meta property=\"og:title\" content=\"Arsise kellade koolid Tallinnas ja Tartus \u2013 unikaalsed huvikoolid\" \/>\n<meta property=\"og:description\" content=\"Loe l\u00e4hemalt 1999. aastal asutatud lastele ja noortele suunatud huvikooli s\u00fcnnist, \u00f5ppet\u00f6\u00f6korraldusest ja \u00f5ppekavast. Muusika\u00f5pe l\u00e4bi k\u00e4sikellade.\" \/>\n<meta property=\"og:url\" content=\"https:\/\/arsis.ee\/en\/arsis-handbell-schools\/\" \/>\n<meta property=\"og:site_name\" content=\"arsis\" \/>\n<meta property=\"article:modified_time\" content=\"2025-04-28T13:34:18+00:00\" \/>\n<meta name=\"twitter:card\" content=\"summary_large_image\" \/>\n<meta name=\"twitter:label1\" content=\"Est. reading time\" \/>\n\t<meta name=\"twitter:data1\" content=\"5 minutes\" \/>\n<script type=\"application\/ld+json\" class=\"yoast-schema-graph\">{\"@context\":\"https:\/\/schema.org\",\"@graph\":[{\"@type\":\"WebPage\",\"@id\":\"https:\/\/arsis.ee\/en\/arsis-handbell-schools\/\",\"url\":\"https:\/\/arsis.ee\/en\/arsis-handbell-schools\/\",\"name\":\"Arsise kellade koolid Tallinnas ja Tartus \u2013 unikaalsed huvikoolid\",\"isPartOf\":{\"@id\":\"https:\/\/arsis.ee\/#website\"},\"datePublished\":\"2018-02-26T13:54:08+00:00\",\"dateModified\":\"2025-04-28T13:34:18+00:00\",\"description\":\"Loe l\u00e4hemalt 1999. aastal asutatud lastele ja noortele suunatud huvikooli s\u00fcnnist, \u00f5ppet\u00f6\u00f6korraldusest ja \u00f5ppekavast. Muusika\u00f5pe l\u00e4bi k\u00e4sikellade.\",\"breadcrumb\":{\"@id\":\"https:\/\/arsis.ee\/en\/arsis-handbell-schools\/#breadcrumb\"},\"inLanguage\":\"en-US\",\"potentialAction\":[{\"@type\":\"ReadAction\",\"target\":[\"https:\/\/arsis.ee\/en\/arsis-handbell-schools\/\"]}]},{\"@type\":\"BreadcrumbList\",\"@id\":\"https:\/\/arsis.ee\/en\/arsis-handbell-schools\/#breadcrumb\",\"itemListElement\":[{\"@type\":\"ListItem\",\"position\":1,\"name\":\"Home\",\"item\":\"https:\/\/arsis.ee\/en\/landing-page\/\"},{\"@type\":\"ListItem\",\"position\":2,\"name\":\"HANDBELL SCHOOLS\"}]},{\"@type\":\"WebSite\",\"@id\":\"https:\/\/arsis.ee\/#website\",\"url\":\"https:\/\/arsis.ee\/\",\"name\":\"arsis\",\"description\":\"ARSIS | Kellade ansamblid ja Kellade Kool\",\"potentialAction\":[{\"@type\":\"SearchAction\",\"target\":{\"@type\":\"EntryPoint\",\"urlTemplate\":\"https:\/\/arsis.ee\/?s={search_term_string}\"},\"query-input\":\"required name=search_term_string\"}],\"inLanguage\":\"en-US\"}]}<\/script>\n<!-- \/ Yoast SEO plugin. -->","yoast_head_json":{"title":"Arsise kellade koolid Tallinnas ja Tartus \u2013 unikaalsed huvikoolid","description":"Loe l\u00e4hemalt 1999. aastal asutatud lastele ja noortele suunatud huvikooli s\u00fcnnist, \u00f5ppet\u00f6\u00f6korraldusest ja \u00f5ppekavast. Muusika\u00f5pe l\u00e4bi k\u00e4sikellade.","robots":{"index":"index","follow":"follow","max-snippet":"max-snippet:-1","max-image-preview":"max-image-preview:large","max-video-preview":"max-video-preview:-1"},"canonical":"https:\/\/arsis.ee\/en\/arsis-handbell-schools\/","og_locale":"en_US","og_type":"article","og_title":"Arsise kellade koolid Tallinnas ja Tartus \u2013 unikaalsed huvikoolid","og_description":"Loe l\u00e4hemalt 1999. aastal asutatud lastele ja noortele suunatud huvikooli s\u00fcnnist, \u00f5ppet\u00f6\u00f6korraldusest ja \u00f5ppekavast. Muusika\u00f5pe l\u00e4bi k\u00e4sikellade.","og_url":"https:\/\/arsis.ee\/en\/arsis-handbell-schools\/","og_site_name":"arsis","article_modified_time":"2025-04-28T13:34:18+00:00","twitter_card":"summary_large_image","twitter_misc":{"Est. reading time":"5 minutes"},"schema":{"@context":"https:\/\/schema.org","@graph":[{"@type":"WebPage","@id":"https:\/\/arsis.ee\/en\/arsis-handbell-schools\/","url":"https:\/\/arsis.ee\/en\/arsis-handbell-schools\/","name":"Arsise kellade koolid Tallinnas ja Tartus \u2013 unikaalsed huvikoolid","isPartOf":{"@id":"https:\/\/arsis.ee\/#website"},"datePublished":"2018-02-26T13:54:08+00:00","dateModified":"2025-04-28T13:34:18+00:00","description":"Loe l\u00e4hemalt 1999. aastal asutatud lastele ja noortele suunatud huvikooli s\u00fcnnist, \u00f5ppet\u00f6\u00f6korraldusest ja \u00f5ppekavast. Muusika\u00f5pe l\u00e4bi k\u00e4sikellade.","breadcrumb":{"@id":"https:\/\/arsis.ee\/en\/arsis-handbell-schools\/#breadcrumb"},"inLanguage":"en-US","potentialAction":[{"@type":"ReadAction","target":["https:\/\/arsis.ee\/en\/arsis-handbell-schools\/"]}]},{"@type":"BreadcrumbList","@id":"https:\/\/arsis.ee\/en\/arsis-handbell-schools\/#breadcrumb","itemListElement":[{"@type":"ListItem","position":1,"name":"Home","item":"https:\/\/arsis.ee\/en\/landing-page\/"},{"@type":"ListItem","position":2,"name":"HANDBELL SCHOOLS"}]},{"@type":"WebSite","@id":"https:\/\/arsis.ee\/#website","url":"https:\/\/arsis.ee\/","name":"arsis","description":"ARSIS | Kellade ansamblid ja Kellade Kool","potentialAction":[{"@type":"SearchAction","target":{"@type":"EntryPoint","urlTemplate":"https:\/\/arsis.ee\/?s={search_term_string}"},"query-input":"required name=search_term_string"}],"inLanguage":"en-US"}]}},"_links":{"self":[{"href":"https:\/\/arsis.ee\/en\/wp-json\/wp\/v2\/pages\/841"}],"collection":[{"href":"https:\/\/arsis.ee\/en\/wp-json\/wp\/v2\/pages"}],"about":[{"href":"https:\/\/arsis.ee\/en\/wp-json\/wp\/v2\/types\/page"}],"author":[{"embeddable":true,"href":"https:\/\/arsis.ee\/en\/wp-json\/wp\/v2\/users\/1"}],"replies":[{"embeddable":true,"href":"https:\/\/arsis.ee\/en\/wp-json\/wp\/v2\/comments?post=841"}],"version-history":[{"count":19,"href":"https:\/\/arsis.ee\/en\/wp-json\/wp\/v2\/pages\/841\/revisions"}],"predecessor-version":[{"id":3908,"href":"https:\/\/arsis.ee\/en\/wp-json\/wp\/v2\/pages\/841\/revisions\/3908"}],"wp:attachment":[{"href":"https:\/\/arsis.ee\/en\/wp-json\/wp\/v2\/media?parent=841"}],"curies":[{"name":"wp","href":"https:\/\/api.w.org\/{rel}","templated":true}]}}