{"id":852,"date":"2018-02-26T15:54:51","date_gmt":"2018-02-26T13:54:51","guid":{"rendered":"http:\/\/arsis.ee\/?page_id=852"},"modified":"2025-09-02T21:51:12","modified_gmt":"2025-09-02T18:51:12","slug":"concerts","status":"publish","type":"page","link":"https:\/\/arsis.ee\/en\/concerts\/","title":{"rendered":"CONCERTS"},"content":{"rendered":"<div id='full_slider_1'  class='avia-fullwidth-slider main_color avia-shadow   avia-builder-el-0  el_before_av_hr  avia-builder-el-first   container_wrap fullsize'  ><div  class='avia-slideshow av-1j13bw-703ee6d071302a2560e0eb349172e163 avia-slideshow-no scaling av_slideshow_full avia-fade-slider av-slideshow-ui av-control-hidden av-no-slider-navigation av-hide-nav-arrows av-slideshow-manual av-loop-once av-loop-manual-endless av-default-height-applied   avia-slideshow-1' data-slideshow-options=\"{&quot;animation&quot;:&quot;fade&quot;,&quot;autoplay&quot;:false,&quot;loop_autoplay&quot;:&quot;once&quot;,&quot;interval&quot;:1,&quot;loop_manual&quot;:&quot;manual-endless&quot;,&quot;autoplay_stopper&quot;:false,&quot;noNavigation&quot;:true,&quot;bg_slider&quot;:false,&quot;keep_padding&quot;:false,&quot;hoverpause&quot;:false,&quot;show_slide_delay&quot;:0}\"  itemprop=\"image\" itemscope=\"itemscope\" itemtype=\"https:\/\/schema.org\/ImageObject\" ><ul class='avia-slideshow-inner ' style='padding-bottom: 14.583333333333%;'><li  class='avia-slideshow-slide av-1j13bw-703ee6d071302a2560e0eb349172e163__0  av-single-slide slide-1 slide-odd'><div data-rel='slideshow-1' class='avia-slide-wrap '   ><img class=\"wp-image-2285 avia-img-lazy-loading-not-2285\"  src=\"https:\/\/arsis.ee\/wp-content\/uploads\/ARSIS_kontserdid.jpg\" width=\"1440\" height=\"210\" title='ARSIS_kontserdid' alt=''  itemprop=\"thumbnailUrl\"  style='min-height:65px; min-width:446px; ' srcset=\"https:\/\/arsis.ee\/wp-content\/uploads\/ARSIS_kontserdid.jpg 1440w, https:\/\/arsis.ee\/wp-content\/uploads\/ARSIS_kontserdid-800x117.jpg 800w, https:\/\/arsis.ee\/wp-content\/uploads\/ARSIS_kontserdid-768x112.jpg 768w, https:\/\/arsis.ee\/wp-content\/uploads\/ARSIS_kontserdid-1030x150.jpg 1030w, https:\/\/arsis.ee\/wp-content\/uploads\/ARSIS_kontserdid-705x103.jpg 705w, https:\/\/arsis.ee\/wp-content\/uploads\/ARSIS_kontserdid-450x66.jpg 450w\" sizes=\"(max-width: 1440px) 100vw, 1440px\" \/><\/div><\/li><\/ul><\/div><\/div><div id='after_full_slider_1'  class='main_color av_default_container_wrap container_wrap fullsize'  ><div class='container av-section-cont-open' ><div class='template-page content  av-content-full alpha units'><div class='post-entry post-entry-type-page post-entry-852'><div class='entry-content-wrapper clearfix'>\n\n<style type=\"text\/css\" data-created_by=\"avia_inline_auto\" id=\"style-css-av-17mcak-c0be9b7d4b2bd2317de2d1c87d4e3a8f\">\n#top .hr.hr-invisible.av-17mcak-c0be9b7d4b2bd2317de2d1c87d4e3a8f{\nheight:10px;\n}\n<\/style>\n<div  class='hr av-17mcak-c0be9b7d4b2bd2317de2d1c87d4e3a8f hr-invisible  avia-builder-el-1  el_after_av_slideshow_full  el_before_av_one_full  avia-builder-el-first '><span class='hr-inner '><span class=\"hr-inner-style\"><\/span><\/span><\/div>\n\n<style type=\"text\/css\" data-created_by=\"avia_inline_auto\" id=\"style-css-av-10u998-533faad7ce6abfc590435e14eb47adce\">\n.flex_column.av-10u998-533faad7ce6abfc590435e14eb47adce{\nborder-radius:0px 0px 0px 0px;\npadding:0px 0px 0px 0px;\n}\n<\/style>\n<div  class='flex_column av-10u998-533faad7ce6abfc590435e14eb47adce av_one_full  avia-builder-el-2  el_after_av_hr  el_before_av_one_fifth  first flex_column_div av-zero-column-padding  '     ><p>\n<style type=\"text\/css\" data-created_by=\"avia_inline_auto\" id=\"style-css-av-l8v6nmw4-8300eef850556398705ccf3a9aa2dd8c\">\n#top .av-special-heading.av-l8v6nmw4-8300eef850556398705ccf3a9aa2dd8c{\npadding-bottom:26px;\nfont-size:56px;\n}\nbody .av-special-heading.av-l8v6nmw4-8300eef850556398705ccf3a9aa2dd8c .av-special-heading-tag .heading-char{\nfont-size:25px;\n}\n#top #wrap_all .av-special-heading.av-l8v6nmw4-8300eef850556398705ccf3a9aa2dd8c .av-special-heading-tag{\nfont-size:56px;\n}\n.av-special-heading.av-l8v6nmw4-8300eef850556398705ccf3a9aa2dd8c .av-subheading{\nfont-size:15px;\n}\n\n@media only screen and (min-width: 480px) and (max-width: 767px){ \n#top #wrap_all .av-special-heading.av-l8v6nmw4-8300eef850556398705ccf3a9aa2dd8c .av-special-heading-tag{\nfont-size:0.8em;\n}\n}\n\n@media only screen and (max-width: 479px){ \n#top #wrap_all .av-special-heading.av-l8v6nmw4-8300eef850556398705ccf3a9aa2dd8c .av-special-heading-tag{\nfont-size:0.8em;\n}\n}\n<\/style>\n<div  class='av-special-heading av-l8v6nmw4-8300eef850556398705ccf3a9aa2dd8c av-special-heading-h1 blockquote modern-quote modern-centered  avia-builder-el-3  el_before_av_hr  avia-builder-el-first  av-inherit-size'><h1 class='av-special-heading-tag '  itemprop=\"headline\"  >CONCERTS<\/h1><div class=\"special-heading-border\"><div class=\"special-heading-inner-border\"><\/div><\/div><\/div><br \/>\n\n<style type=\"text\/css\" data-created_by=\"avia_inline_auto\" id=\"style-css-av-wqd6k-2686c037ea68dd5192e50f3cecf89994\">\n#top .hr.hr-invisible.av-wqd6k-2686c037ea68dd5192e50f3cecf89994{\nmargin-top:-30px;\nheight:1px;\n}\n<\/style>\n<div  class='hr av-wqd6k-2686c037ea68dd5192e50f3cecf89994 hr-invisible  avia-builder-el-4  el_after_av_heading  el_before_av_textblock '><span class='hr-inner '><span class=\"hr-inner-style\"><\/span><\/span><\/div><br \/>\n<section  class='av_textblock_section av-r6gf8-48f1c1119adf65fb4b882c44b7c37b6b '   itemscope=\"itemscope\" itemtype=\"https:\/\/schema.org\/CreativeWork\" ><div class='avia_textblock'  itemprop=\"text\" ><p style=\"text-align: center;\">\t\t<div class=\"wcs-timetable__wrapper\">\n\t\t\t<div class=\"wcs-vue\" id=\"wcs-app-8\"><\/div>\n\t\t<\/div>\n\t\t<\/p>\n<\/div><\/section><\/p><\/div>\n<style type=\"text\/css\" data-created_by=\"avia_inline_auto\" id=\"style-css-av-2cg0c-492b25e026fc9a3344c208da27662ca3\">\n.flex_column.av-2cg0c-492b25e026fc9a3344c208da27662ca3{\nborder-radius:0px 0px 0px 0px;\npadding:0px 0px 0px 0px;\n}\n<\/style>\n<div  class='flex_column av-2cg0c-492b25e026fc9a3344c208da27662ca3 av_one_fifth first flex_column_div av-zero-column-padding  '     ><\/div><\/p>\n\n<style type=\"text\/css\" data-created_by=\"avia_inline_auto\" id=\"style-css-av-enlpo-a31f38da3c0cc321468c53223a95b6b3\">\n.flex_column.av-enlpo-a31f38da3c0cc321468c53223a95b6b3{\nborder-radius:0px 0px 0px 0px;\npadding:0px 0px 0px 0px;\n}\n<\/style>\n<div  class='flex_column av-enlpo-a31f38da3c0cc321468c53223a95b6b3 av_three_fifth flex_column_div av-zero-column-padding  '     ><\/div>\n\n<style type=\"text\/css\" data-created_by=\"avia_inline_auto\" id=\"style-css-av-ba6kk-f899cadd53003a064a055cb984e3e744\">\n.flex_column.av-ba6kk-f899cadd53003a064a055cb984e3e744{\nborder-radius:0px 0px 0px 0px;\npadding:0px 0px 0px 0px;\n}\n<\/style>\n<div  class='flex_column av-ba6kk-f899cadd53003a064a055cb984e3e744 av_one_fifth flex_column_div av-zero-column-padding  '     ><\/div>\n","protected":false},"excerpt":{"rendered":"","protected":false},"author":1,"featured_media":0,"parent":0,"menu_order":0,"comment_status":"closed","ping_status":"closed","template":"","meta":[],"yoast_head":"<!-- This site is optimized with the Yoast SEO plugin v19.11 - https:\/\/yoast.com\/wordpress\/plugins\/seo\/ -->\n<title>Arsise kellade ansamblite kontserdid Eestis ja v\u00e4lismaal<\/title>\n<meta name=\"description\" content=\"Heida pilk Arsise kellade ansamblite kontserdikalendrisse, et leida l\u00e4him aeg ja koht k\u00e4sikellamuusika nautimiseks. Teretulemast Arsise kontsertidele!\" \/>\n<meta name=\"robots\" content=\"index, follow, max-snippet:-1, max-image-preview:large, max-video-preview:-1\" \/>\n<link rel=\"canonical\" href=\"https:\/\/arsis.ee\/en\/concerts\/\" \/>\n<meta property=\"og:locale\" content=\"en_US\" \/>\n<meta property=\"og:type\" content=\"article\" \/>\n<meta property=\"og:title\" content=\"Arsise kellade ansamblite kontserdid Eestis ja v\u00e4lismaal\" \/>\n<meta property=\"og:description\" content=\"Heida pilk Arsise kellade ansamblite kontserdikalendrisse, et leida l\u00e4him aeg ja koht k\u00e4sikellamuusika nautimiseks. Teretulemast Arsise kontsertidele!\" \/>\n<meta property=\"og:url\" content=\"https:\/\/arsis.ee\/en\/concerts\/\" \/>\n<meta property=\"og:site_name\" content=\"arsis\" \/>\n<meta property=\"article:modified_time\" content=\"2025-09-02T18:51:12+00:00\" \/>\n<meta name=\"twitter:card\" content=\"summary_large_image\" \/>\n<meta name=\"twitter:label1\" content=\"Est. reading time\" \/>\n\t<meta name=\"twitter:data1\" content=\"2 minutes\" \/>\n<script type=\"application\/ld+json\" class=\"yoast-schema-graph\">{\"@context\":\"https:\/\/schema.org\",\"@graph\":[{\"@type\":\"WebPage\",\"@id\":\"https:\/\/arsis.ee\/en\/concerts\/\",\"url\":\"https:\/\/arsis.ee\/en\/concerts\/\",\"name\":\"Arsise kellade ansamblite kontserdid Eestis ja v\u00e4lismaal\",\"isPartOf\":{\"@id\":\"https:\/\/arsis.ee\/#website\"},\"datePublished\":\"2018-02-26T13:54:51+00:00\",\"dateModified\":\"2025-09-02T18:51:12+00:00\",\"description\":\"Heida pilk Arsise kellade ansamblite kontserdikalendrisse, et leida l\u00e4him aeg ja koht k\u00e4sikellamuusika nautimiseks. Teretulemast Arsise kontsertidele!\",\"breadcrumb\":{\"@id\":\"https:\/\/arsis.ee\/en\/concerts\/#breadcrumb\"},\"inLanguage\":\"en-US\",\"potentialAction\":[{\"@type\":\"ReadAction\",\"target\":[\"https:\/\/arsis.ee\/en\/concerts\/\"]}]},{\"@type\":\"BreadcrumbList\",\"@id\":\"https:\/\/arsis.ee\/en\/concerts\/#breadcrumb\",\"itemListElement\":[{\"@type\":\"ListItem\",\"position\":1,\"name\":\"Home\",\"item\":\"https:\/\/arsis.ee\/en\/landing-page\/\"},{\"@type\":\"ListItem\",\"position\":2,\"name\":\"CONCERTS\"}]},{\"@type\":\"WebSite\",\"@id\":\"https:\/\/arsis.ee\/#website\",\"url\":\"https:\/\/arsis.ee\/\",\"name\":\"arsis\",\"description\":\"ARSIS | Kellade ansamblid ja Kellade Kool\",\"potentialAction\":[{\"@type\":\"SearchAction\",\"target\":{\"@type\":\"EntryPoint\",\"urlTemplate\":\"https:\/\/arsis.ee\/?s={search_term_string}\"},\"query-input\":\"required name=search_term_string\"}],\"inLanguage\":\"en-US\"}]}<\/script>\n<!-- \/ Yoast SEO plugin. -->","yoast_head_json":{"title":"Arsise kellade ansamblite kontserdid Eestis ja v\u00e4lismaal","description":"Heida pilk Arsise kellade ansamblite kontserdikalendrisse, et leida l\u00e4him aeg ja koht k\u00e4sikellamuusika nautimiseks. Teretulemast Arsise kontsertidele!","robots":{"index":"index","follow":"follow","max-snippet":"max-snippet:-1","max-image-preview":"max-image-preview:large","max-video-preview":"max-video-preview:-1"},"canonical":"https:\/\/arsis.ee\/en\/concerts\/","og_locale":"en_US","og_type":"article","og_title":"Arsise kellade ansamblite kontserdid Eestis ja v\u00e4lismaal","og_description":"Heida pilk Arsise kellade ansamblite kontserdikalendrisse, et leida l\u00e4him aeg ja koht k\u00e4sikellamuusika nautimiseks. Teretulemast Arsise kontsertidele!","og_url":"https:\/\/arsis.ee\/en\/concerts\/","og_site_name":"arsis","article_modified_time":"2025-09-02T18:51:12+00:00","twitter_card":"summary_large_image","twitter_misc":{"Est. reading time":"2 minutes"},"schema":{"@context":"https:\/\/schema.org","@graph":[{"@type":"WebPage","@id":"https:\/\/arsis.ee\/en\/concerts\/","url":"https:\/\/arsis.ee\/en\/concerts\/","name":"Arsise kellade ansamblite kontserdid Eestis ja v\u00e4lismaal","isPartOf":{"@id":"https:\/\/arsis.ee\/#website"},"datePublished":"2018-02-26T13:54:51+00:00","dateModified":"2025-09-02T18:51:12+00:00","description":"Heida pilk Arsise kellade ansamblite kontserdikalendrisse, et leida l\u00e4him aeg ja koht k\u00e4sikellamuusika nautimiseks. Teretulemast Arsise kontsertidele!","breadcrumb":{"@id":"https:\/\/arsis.ee\/en\/concerts\/#breadcrumb"},"inLanguage":"en-US","potentialAction":[{"@type":"ReadAction","target":["https:\/\/arsis.ee\/en\/concerts\/"]}]},{"@type":"BreadcrumbList","@id":"https:\/\/arsis.ee\/en\/concerts\/#breadcrumb","itemListElement":[{"@type":"ListItem","position":1,"name":"Home","item":"https:\/\/arsis.ee\/en\/landing-page\/"},{"@type":"ListItem","position":2,"name":"CONCERTS"}]},{"@type":"WebSite","@id":"https:\/\/arsis.ee\/#website","url":"https:\/\/arsis.ee\/","name":"arsis","description":"ARSIS | Kellade ansamblid ja Kellade Kool","potentialAction":[{"@type":"SearchAction","target":{"@type":"EntryPoint","urlTemplate":"https:\/\/arsis.ee\/?s={search_term_string}"},"query-input":"required name=search_term_string"}],"inLanguage":"en-US"}]}},"_links":{"self":[{"href":"https:\/\/arsis.ee\/en\/wp-json\/wp\/v2\/pages\/852"}],"collection":[{"href":"https:\/\/arsis.ee\/en\/wp-json\/wp\/v2\/pages"}],"about":[{"href":"https:\/\/arsis.ee\/en\/wp-json\/wp\/v2\/types\/page"}],"author":[{"embeddable":true,"href":"https:\/\/arsis.ee\/en\/wp-json\/wp\/v2\/users\/1"}],"replies":[{"embeddable":true,"href":"https:\/\/arsis.ee\/en\/wp-json\/wp\/v2\/comments?post=852"}],"version-history":[{"count":9,"href":"https:\/\/arsis.ee\/en\/wp-json\/wp\/v2\/pages\/852\/revisions"}],"predecessor-version":[{"id":4029,"href":"https:\/\/arsis.ee\/en\/wp-json\/wp\/v2\/pages\/852\/revisions\/4029"}],"wp:attachment":[{"href":"https:\/\/arsis.ee\/en\/wp-json\/wp\/v2\/media?parent=852"}],"curies":[{"name":"wp","href":"https:\/\/api.w.org\/{rel}","templated":true}]}}